{"id":947,"date":"2024-10-02T08:23:49","date_gmt":"2024-10-02T06:23:49","guid":{"rendered":"https:\/\/robuststudio.fi\/?page_id=947"},"modified":"2025-06-09T09:53:23","modified_gmt":"2025-06-09T07:53:23","slug":"pilates-by-barresara","status":"publish","type":"page","link":"https:\/\/robuststudio.fi\/index.php\/classes\/pilates-by-barresara\/","title":{"rendered":"Pilates by Barresara"},"content":{"rendered":"\t\t<div data-elementor-type=\"wp-page\" data-elementor-id=\"947\" class=\"elementor elementor-947\" data-elementor-post-type=\"page\">\n\t\t\t\t<div class=\"elementor-element elementor-element-c721a8e e-flex e-con-boxed e-con e-parent\" data-id=\"c721a8e\" data-element_type=\"container\">\n\t\t\t\t\t<div class=\"e-con-inner\">\n\t\t<div class=\"elementor-element elementor-element-0cf6e27 e-flex e-con-boxed e-con e-child\" data-id=\"0cf6e27\" data-element_type=\"container\">\n\t\t\t\t\t<div class=\"e-con-inner\">\n\t\t<div class=\"elementor-element elementor-element-c37680d e-con-full e-flex e-con e-child\" data-id=\"c37680d\" data-element_type=\"container\">\n\t\t\t\t<div class=\"elementor-element elementor-element-af0beef elementor-widget elementor-widget-image\" data-id=\"af0beef\" data-element_type=\"widget\" data-widget_type=\"image.default\">\n\t\t\t\t<div class=\"elementor-widget-container\">\n\t\t\t\t\t\t\t\t\t\t\t\t\t\t\t<img fetchpriority=\"high\" decoding=\"async\" width=\"683\" height=\"1024\" src=\"https:\/\/robuststudio.fi\/wp-content\/uploads\/2025\/02\/DSC03478-683x1024.jpg\" class=\"attachment-large size-large wp-image-1470\" alt=\"Pilates-tunti Robust HIIT&amp;Barre -studiolla Turussa. Ohjaajalla on pilatespallo syliss\u00e4\" srcset=\"https:\/\/robuststudio.fi\/wp-content\/uploads\/2025\/02\/DSC03478-683x1024.jpg 683w, https:\/\/robuststudio.fi\/wp-content\/uploads\/2025\/02\/DSC03478-200x300.jpg 200w, https:\/\/robuststudio.fi\/wp-content\/uploads\/2025\/02\/DSC03478-768x1152.jpg 768w, https:\/\/robuststudio.fi\/wp-content\/uploads\/2025\/02\/DSC03478-1024x1536.jpg 1024w, https:\/\/robuststudio.fi\/wp-content\/uploads\/2025\/02\/DSC03478.jpg 1365w\" sizes=\"(max-width: 683px) 100vw, 683px\" \/>\t\t\t\t\t\t\t\t\t\t\t\t\t\t\t<\/div>\n\t\t\t\t<\/div>\n\t\t\t\t<\/div>\n\t\t<div class=\"elementor-element elementor-element-0de0de6 container e-flex e-con-boxed e-con e-child\" data-id=\"0de0de6\" data-element_type=\"container\">\n\t\t\t\t\t<div class=\"e-con-inner\">\n\t\t<div class=\"elementor-element elementor-element-4f0e84e e-flex e-con-boxed e-con e-child\" data-id=\"4f0e84e\" data-element_type=\"container\">\n\t\t\t\t\t<div class=\"e-con-inner\">\n\t\t\t\t<div class=\"elementor-element elementor-element-972b261 elementor-widget__width-auto elementor-widget elementor-widget-heading\" data-id=\"972b261\" data-element_type=\"widget\" data-widget_type=\"heading.default\">\n\t\t\t\t<div class=\"elementor-widget-container\">\n\t\t\t\t\t<h2 class=\"elementor-heading-title elementor-size-default\">Pilates by Barresara<font style=\"font-size:22px;vertical-align: super\">\u00ae <\/font><\/h2>\t\t\t\t<\/div>\n\t\t\t\t<\/div>\n\t\t\t\t<div class=\"elementor-element elementor-element-205e8f7 elementor-widget__width-auto elementor-widget elementor-widget-html\" data-id=\"205e8f7\" data-element_type=\"widget\" data-widget_type=\"html.default\">\n\t\t\t\t<div class=\"elementor-widget-container\">\n\t\t\t\t\t<button class=\"toggleButton flag finnish-flag\"><\/button>\n\n<script>\ndocument.addEventListener('DOMContentLoaded', function() {\n    const containers = document.querySelectorAll('.container');\n\n    containers.forEach(container => {\n        const contents = container.querySelectorAll('.content');\n        const toggleButton = container.querySelector('.toggleButton');\n\n        let isDiv1Visible = true;\n        let isFinnishFlag = true;\n\n        toggleButton.addEventListener('click', function() {\n            if (isDiv1Visible) {\n                contents[0].classList.remove('active');\n                contents[1].classList.add('active');\n            } else {\n                contents[1].classList.remove('active');\n                contents[0].classList.add('active');\n            }\n\n            if (isFinnishFlag) {\n                toggleButton.classList.remove('finnish-flag');\n                toggleButton.classList.add('uk-flag');\n            } else {\n                toggleButton.classList.remove('uk-flag');\n                toggleButton.classList.add('finnish-flag');\n            }\n\n            isDiv1Visible = !isDiv1Visible;\n            isFinnishFlag = !isFinnishFlag;\n        });\n    });\n});\n\n<\/script>\t\t\t\t<\/div>\n\t\t\t\t<\/div>\n\t\t\t\t\t<\/div>\n\t\t\t\t<\/div>\n\t\t\t\t<div class=\"elementor-element elementor-element-3d34dc4 content active elementor-widget__width-inherit elementor-widget elementor-widget-text-editor\" data-id=\"3d34dc4\" data-element_type=\"widget\" data-widget_type=\"text-editor.default\">\n\t\t\t\t<div class=\"elementor-widget-container\">\n\t\t\t\t\t\t\t\t\t<p>Pilates, originally termed &#8220;Contrology,&#8221; is renowned globally for its profound benefits on both body and mind. Barresara Pilates enhances your posture and core stability while thoroughly elongating your body. Experience a transformation that leaves you feeling lean, lengthened, and powerfully strong. Embrace the change and step into a space where your physical and mental well-being sync perfectly\u2014discover your best self with every session!<\/p>\t\t\t\t\t\t\t\t<\/div>\n\t\t\t\t<\/div>\n\t\t\t\t<div class=\"elementor-element elementor-element-870826b content elementor-widget__width-inherit elementor-widget elementor-widget-text-editor\" data-id=\"870826b\" data-element_type=\"widget\" data-widget_type=\"text-editor.default\">\n\t\t\t\t<div class=\"elementor-widget-container\">\n\t\t\t\t\t\t\t\t\t<p>Pilates, alkuper\u00e4iselt\u00e4 nimelt\u00e4\u00e4n kontrologia, on maailmankuulu kehonhallintamenetelm\u00e4, joka kietoo kehon ja mielen yhteen matolla. Pilates by Barresara\u00ae parantaa ryhti\u00e4si ja pident\u00e4\u00e4 vartaloasi perusteellisesti. Pilates by Barresara\u00ae saa sinut kunnioittamaan kehoasi rakentaen sinut uudelleen sis\u00e4lt\u00e4 ulosp\u00e4in. Koe muutos, joka saa sinut tuntemaan itsesi voimakkaan vahvaksi ja kiinte\u00e4ksi. Fyysinen ja henkinen hyvinvointisi nousevat aivan uudelle tasolle \u2013 l\u00f6yd\u00e4 paras versio itsest\u00e4si pilateksen avulla!<\/p>\t\t\t\t\t\t\t\t<\/div>\n\t\t\t\t<\/div>\n\t\t\t\t\t<\/div>\n\t\t\t\t<\/div>\n\t\t\t\t\t<\/div>\n\t\t\t\t<\/div>\n\t\t\t\t\t<\/div>\n\t\t\t\t<\/div>\n\t\t<div class=\"elementor-element elementor-element-3db7706 e-flex e-con-boxed e-con e-parent\" data-id=\"3db7706\" data-element_type=\"container\">\n\t\t\t\t\t<div class=\"e-con-inner\">\n\t\t\t\t<div class=\"elementor-element elementor-element-793d00c elementor-align-center elementor-widget elementor-widget-button\" data-id=\"793d00c\" data-element_type=\"widget\" data-widget_type=\"button.default\">\n\t\t\t\t<div class=\"elementor-widget-container\">\n\t\t\t\t\t\t\t\t\t<div class=\"elementor-button-wrapper\">\n\t\t\t\t\t<a class=\"elementor-button elementor-button-link elementor-size-sm\" href=\"https:\/\/robuststudio.fi\/index.php\/classes\/\">\n\t\t\t\t\t\t<span class=\"elementor-button-content-wrapper\">\n\t\t\t\t\t\t\t\t\t<span class=\"elementor-button-text\">ALL CLASSES &gt;<\/span>\n\t\t\t\t\t<\/span>\n\t\t\t\t\t<\/a>\n\t\t\t\t<\/div>\n\t\t\t\t\t\t\t\t<\/div>\n\t\t\t\t<\/div>\n\t\t\t\t\t<\/div>\n\t\t\t\t<\/div>\n\t\t\t\t<\/div>\n\t\t","protected":false},"excerpt":{"rendered":"<p>Pilates by Barresara\u00ae Pilates, originally termed &#8220;Contrology,&#8221; is renowned globally for its profound benefits on both body and mind. Barresara Pilates enhances your posture and core stability while thoroughly elongating your body. Experience a transformation that leaves you feeling lean, lengthened, and powerfully strong. Embrace the change and step into a space where your physical [&hellip;]<\/p>\n","protected":false},"author":1,"featured_media":0,"parent":957,"menu_order":0,"comment_status":"closed","ping_status":"closed","template":"","meta":{"footnotes":""},"class_list":["post-947","page","type-page","status-publish","hentry"],"yoast_head":"<!-- This site is optimized with the Yoast SEO plugin v26.9 - https:\/\/yoast.com\/product\/yoast-seo-wordpress\/ -->\n<title>Pilates by Barresara - Robust Hiit &amp; Barre studio Pilates Turku<\/title>\n<meta name=\"description\" content=\"Robust HIIT &amp; Barre -studio tarjoaa Pilates by Barresara -tunteja aivan Turun keskustassa. Pilates haastaa kehonhallintaa ja syvi\u00e4 lihaksia.\" \/>\n<meta name=\"robots\" content=\"index, follow, max-snippet:-1, max-image-preview:large, max-video-preview:-1\" \/>\n<link rel=\"canonical\" href=\"https:\/\/robuststudio.fi\/index.php\/classes\/pilates-by-barresara\/\" \/>\n<meta property=\"og:locale\" content=\"fi_FI\" \/>\n<meta property=\"og:type\" content=\"article\" \/>\n<meta property=\"og:title\" content=\"Pilates by Barresara - Robust Hiit &amp; Barre studio Pilates Turku\" \/>\n<meta property=\"og:description\" content=\"Robust HIIT &amp; Barre -studio tarjoaa Pilates by Barresara -tunteja aivan Turun keskustassa. Pilates haastaa kehonhallintaa ja syvi\u00e4 lihaksia.\" \/>\n<meta property=\"og:url\" content=\"https:\/\/robuststudio.fi\/index.php\/classes\/pilates-by-barresara\/\" \/>\n<meta property=\"og:site_name\" content=\"Robust Hiit &amp; Barre studio\" \/>\n<meta property=\"article:modified_time\" content=\"2025-06-09T07:53:23+00:00\" \/>\n<meta property=\"og:image\" content=\"https:\/\/robuststudio.fi\/wp-content\/uploads\/2025\/02\/DSC03478-683x1024.jpg\" \/>\n<meta name=\"twitter:card\" content=\"summary_large_image\" \/>\n<meta name=\"twitter:label1\" content=\"Arvioitu lukuaika\" \/>\n\t<meta name=\"twitter:data1\" content=\"2 minuuttia\" \/>\n<script type=\"application\/ld+json\" class=\"yoast-schema-graph\">{\"@context\":\"https:\/\/schema.org\",\"@graph\":[{\"@type\":\"WebPage\",\"@id\":\"https:\/\/robuststudio.fi\/index.php\/classes\/pilates-by-barresara\/\",\"url\":\"https:\/\/robuststudio.fi\/index.php\/classes\/pilates-by-barresara\/\",\"name\":\"Pilates by Barresara - Robust Hiit &amp; Barre studio Pilates Turku\",\"isPartOf\":{\"@id\":\"https:\/\/robuststudio.fi\/#website\"},\"primaryImageOfPage\":{\"@id\":\"https:\/\/robuststudio.fi\/index.php\/classes\/pilates-by-barresara\/#primaryimage\"},\"image\":{\"@id\":\"https:\/\/robuststudio.fi\/index.php\/classes\/pilates-by-barresara\/#primaryimage\"},\"thumbnailUrl\":\"https:\/\/robuststudio.fi\/wp-content\/uploads\/2025\/02\/DSC03478-683x1024.jpg\",\"datePublished\":\"2024-10-02T06:23:49+00:00\",\"dateModified\":\"2025-06-09T07:53:23+00:00\",\"description\":\"Robust HIIT & Barre -studio tarjoaa Pilates by Barresara -tunteja aivan Turun keskustassa. Pilates haastaa kehonhallintaa ja syvi\u00e4 lihaksia.\",\"breadcrumb\":{\"@id\":\"https:\/\/robuststudio.fi\/index.php\/classes\/pilates-by-barresara\/#breadcrumb\"},\"inLanguage\":\"fi\",\"potentialAction\":[{\"@type\":\"ReadAction\",\"target\":[\"https:\/\/robuststudio.fi\/index.php\/classes\/pilates-by-barresara\/\"]}]},{\"@type\":\"ImageObject\",\"inLanguage\":\"fi\",\"@id\":\"https:\/\/robuststudio.fi\/index.php\/classes\/pilates-by-barresara\/#primaryimage\",\"url\":\"https:\/\/robuststudio.fi\/wp-content\/uploads\/2025\/02\/DSC03478.jpg\",\"contentUrl\":\"https:\/\/robuststudio.fi\/wp-content\/uploads\/2025\/02\/DSC03478.jpg\",\"width\":1365,\"height\":2048,\"caption\":\"Pilates-tunti Robust HIIT&Barre -studiolla Turussa. Ohjaajalla on pilatespallo syliss\u00e4\"},{\"@type\":\"BreadcrumbList\",\"@id\":\"https:\/\/robuststudio.fi\/index.php\/classes\/pilates-by-barresara\/#breadcrumb\",\"itemListElement\":[{\"@type\":\"ListItem\",\"position\":1,\"name\":\"Etusivu\",\"item\":\"https:\/\/robuststudio.fi\/\"},{\"@type\":\"ListItem\",\"position\":2,\"name\":\"Classes\",\"item\":\"https:\/\/robuststudio.fi\/index.php\/classes\/\"},{\"@type\":\"ListItem\",\"position\":3,\"name\":\"Pilates by Barresara\"}]},{\"@type\":\"WebSite\",\"@id\":\"https:\/\/robuststudio.fi\/#website\",\"url\":\"https:\/\/robuststudio.fi\/\",\"name\":\"Robust Hiit &amp; Barre studio\",\"description\":\"\",\"publisher\":{\"@id\":\"https:\/\/robuststudio.fi\/#organization\"},\"potentialAction\":[{\"@type\":\"SearchAction\",\"target\":{\"@type\":\"EntryPoint\",\"urlTemplate\":\"https:\/\/robuststudio.fi\/?s={search_term_string}\"},\"query-input\":{\"@type\":\"PropertyValueSpecification\",\"valueRequired\":true,\"valueName\":\"search_term_string\"}}],\"inLanguage\":\"fi\"},{\"@type\":\"Organization\",\"@id\":\"https:\/\/robuststudio.fi\/#organization\",\"name\":\"Robust Hiit &amp; Barre studio\",\"url\":\"https:\/\/robuststudio.fi\/\",\"logo\":{\"@type\":\"ImageObject\",\"inLanguage\":\"fi\",\"@id\":\"https:\/\/robuststudio.fi\/#\/schema\/logo\/image\/\",\"url\":\"https:\/\/robuststudio.fi\/wp-content\/uploads\/2024\/04\/robust_hiitandbarre_logo.png\",\"contentUrl\":\"https:\/\/robuststudio.fi\/wp-content\/uploads\/2024\/04\/robust_hiitandbarre_logo.png\",\"width\":1090,\"height\":516,\"caption\":\"Robust Hiit &amp; Barre studio\"},\"image\":{\"@id\":\"https:\/\/robuststudio.fi\/#\/schema\/logo\/image\/\"}}]}<\/script>\n<!-- \/ Yoast SEO plugin. -->","yoast_head_json":{"title":"Pilates by Barresara - Robust Hiit &amp; Barre studio Pilates Turku","description":"Robust HIIT & Barre -studio tarjoaa Pilates by Barresara -tunteja aivan Turun keskustassa. Pilates haastaa kehonhallintaa ja syvi\u00e4 lihaksia.","robots":{"index":"index","follow":"follow","max-snippet":"max-snippet:-1","max-image-preview":"max-image-preview:large","max-video-preview":"max-video-preview:-1"},"canonical":"https:\/\/robuststudio.fi\/index.php\/classes\/pilates-by-barresara\/","og_locale":"fi_FI","og_type":"article","og_title":"Pilates by Barresara - Robust Hiit &amp; Barre studio Pilates Turku","og_description":"Robust HIIT & Barre -studio tarjoaa Pilates by Barresara -tunteja aivan Turun keskustassa. Pilates haastaa kehonhallintaa ja syvi\u00e4 lihaksia.","og_url":"https:\/\/robuststudio.fi\/index.php\/classes\/pilates-by-barresara\/","og_site_name":"Robust Hiit &amp; Barre studio","article_modified_time":"2025-06-09T07:53:23+00:00","og_image":[{"url":"https:\/\/robuststudio.fi\/wp-content\/uploads\/2025\/02\/DSC03478-683x1024.jpg","type":"","width":"","height":""}],"twitter_card":"summary_large_image","twitter_misc":{"Arvioitu lukuaika":"2 minuuttia"},"schema":{"@context":"https:\/\/schema.org","@graph":[{"@type":"WebPage","@id":"https:\/\/robuststudio.fi\/index.php\/classes\/pilates-by-barresara\/","url":"https:\/\/robuststudio.fi\/index.php\/classes\/pilates-by-barresara\/","name":"Pilates by Barresara - Robust Hiit &amp; Barre studio Pilates Turku","isPartOf":{"@id":"https:\/\/robuststudio.fi\/#website"},"primaryImageOfPage":{"@id":"https:\/\/robuststudio.fi\/index.php\/classes\/pilates-by-barresara\/#primaryimage"},"image":{"@id":"https:\/\/robuststudio.fi\/index.php\/classes\/pilates-by-barresara\/#primaryimage"},"thumbnailUrl":"https:\/\/robuststudio.fi\/wp-content\/uploads\/2025\/02\/DSC03478-683x1024.jpg","datePublished":"2024-10-02T06:23:49+00:00","dateModified":"2025-06-09T07:53:23+00:00","description":"Robust HIIT & Barre -studio tarjoaa Pilates by Barresara -tunteja aivan Turun keskustassa. Pilates haastaa kehonhallintaa ja syvi\u00e4 lihaksia.","breadcrumb":{"@id":"https:\/\/robuststudio.fi\/index.php\/classes\/pilates-by-barresara\/#breadcrumb"},"inLanguage":"fi","potentialAction":[{"@type":"ReadAction","target":["https:\/\/robuststudio.fi\/index.php\/classes\/pilates-by-barresara\/"]}]},{"@type":"ImageObject","inLanguage":"fi","@id":"https:\/\/robuststudio.fi\/index.php\/classes\/pilates-by-barresara\/#primaryimage","url":"https:\/\/robuststudio.fi\/wp-content\/uploads\/2025\/02\/DSC03478.jpg","contentUrl":"https:\/\/robuststudio.fi\/wp-content\/uploads\/2025\/02\/DSC03478.jpg","width":1365,"height":2048,"caption":"Pilates-tunti Robust HIIT&Barre -studiolla Turussa. Ohjaajalla on pilatespallo syliss\u00e4"},{"@type":"BreadcrumbList","@id":"https:\/\/robuststudio.fi\/index.php\/classes\/pilates-by-barresara\/#breadcrumb","itemListElement":[{"@type":"ListItem","position":1,"name":"Etusivu","item":"https:\/\/robuststudio.fi\/"},{"@type":"ListItem","position":2,"name":"Classes","item":"https:\/\/robuststudio.fi\/index.php\/classes\/"},{"@type":"ListItem","position":3,"name":"Pilates by Barresara"}]},{"@type":"WebSite","@id":"https:\/\/robuststudio.fi\/#website","url":"https:\/\/robuststudio.fi\/","name":"Robust Hiit &amp; Barre studio","description":"","publisher":{"@id":"https:\/\/robuststudio.fi\/#organization"},"potentialAction":[{"@type":"SearchAction","target":{"@type":"EntryPoint","urlTemplate":"https:\/\/robuststudio.fi\/?s={search_term_string}"},"query-input":{"@type":"PropertyValueSpecification","valueRequired":true,"valueName":"search_term_string"}}],"inLanguage":"fi"},{"@type":"Organization","@id":"https:\/\/robuststudio.fi\/#organization","name":"Robust Hiit &amp; Barre studio","url":"https:\/\/robuststudio.fi\/","logo":{"@type":"ImageObject","inLanguage":"fi","@id":"https:\/\/robuststudio.fi\/#\/schema\/logo\/image\/","url":"https:\/\/robuststudio.fi\/wp-content\/uploads\/2024\/04\/robust_hiitandbarre_logo.png","contentUrl":"https:\/\/robuststudio.fi\/wp-content\/uploads\/2024\/04\/robust_hiitandbarre_logo.png","width":1090,"height":516,"caption":"Robust Hiit &amp; Barre studio"},"image":{"@id":"https:\/\/robuststudio.fi\/#\/schema\/logo\/image\/"}}]}},"_links":{"self":[{"href":"https:\/\/robuststudio.fi\/index.php\/wp-json\/wp\/v2\/pages\/947","targetHints":{"allow":["GET"]}}],"collection":[{"href":"https:\/\/robuststudio.fi\/index.php\/wp-json\/wp\/v2\/pages"}],"about":[{"href":"https:\/\/robuststudio.fi\/index.php\/wp-json\/wp\/v2\/types\/page"}],"author":[{"embeddable":true,"href":"https:\/\/robuststudio.fi\/index.php\/wp-json\/wp\/v2\/users\/1"}],"replies":[{"embeddable":true,"href":"https:\/\/robuststudio.fi\/index.php\/wp-json\/wp\/v2\/comments?post=947"}],"version-history":[{"count":19,"href":"https:\/\/robuststudio.fi\/index.php\/wp-json\/wp\/v2\/pages\/947\/revisions"}],"predecessor-version":[{"id":1516,"href":"https:\/\/robuststudio.fi\/index.php\/wp-json\/wp\/v2\/pages\/947\/revisions\/1516"}],"up":[{"embeddable":true,"href":"https:\/\/robuststudio.fi\/index.php\/wp-json\/wp\/v2\/pages\/957"}],"wp:attachment":[{"href":"https:\/\/robuststudio.fi\/index.php\/wp-json\/wp\/v2\/media?parent=947"}],"curies":[{"name":"wp","href":"https:\/\/api.w.org\/{rel}","templated":true}]}}