{"id":93,"date":"2024-05-16T14:43:44","date_gmt":"2024-05-16T12:43:44","guid":{"rendered":"https:\/\/robuststudio.fi\/?page_id=93"},"modified":"2025-06-09T09:47:02","modified_gmt":"2025-06-09T07:47:02","slug":"etusivu","status":"publish","type":"page","link":"https:\/\/robuststudio.fi\/","title":{"rendered":"Etusivu"},"content":{"rendered":"\t\t<div data-elementor-type=\"wp-post\" data-elementor-id=\"93\" class=\"elementor elementor-93\" data-elementor-post-type=\"page\">\n\t\t\t\t<div class=\"elementor-element elementor-element-922ac8c e-flex e-con-boxed e-con e-parent\" data-id=\"922ac8c\" data-element_type=\"container\">\n\t\t\t\t\t<div class=\"e-con-inner\">\n\t\t\t\t\t<\/div>\n\t\t\t\t<\/div>\n\t\t<div class=\"elementor-element elementor-element-b02b8cf container e-flex e-con-boxed e-con e-parent\" data-id=\"b02b8cf\" data-element_type=\"container\" data-settings=\"{&quot;background_background&quot;:&quot;classic&quot;}\">\n\t\t\t\t\t<div class=\"e-con-inner\">\n\t\t<div class=\"elementor-element elementor-element-3012bf0 e-flex e-con-boxed e-con e-child\" data-id=\"3012bf0\" data-element_type=\"container\">\n\t\t\t\t\t<div class=\"e-con-inner\">\n\t\t\t\t<div class=\"elementor-element elementor-element-e2deb82 elementor-widget elementor-widget-heading\" data-id=\"e2deb82\" data-element_type=\"widget\" data-widget_type=\"heading.default\">\n\t\t\t\t<div class=\"elementor-widget-container\">\n\t\t\t\t\t<h2 class=\"elementor-heading-title elementor-size-default\">WELCOME TO ROBUST<\/h2>\t\t\t\t<\/div>\n\t\t\t\t<\/div>\n\t\t\t\t<div class=\"elementor-element elementor-element-dc1b6c7 elementor-widget__width-auto elementor-widget elementor-widget-html\" data-id=\"dc1b6c7\" data-element_type=\"widget\" data-widget_type=\"html.default\">\n\t\t\t\t<div class=\"elementor-widget-container\">\n\t\t\t\t\t<button class=\"toggleButton flag finnish-flag\"><\/button>\n\n<script>\ndocument.addEventListener('DOMContentLoaded', function() {\n    const containers = document.querySelectorAll('.container');\n\n    containers.forEach(container => {\n        const contents = container.querySelectorAll('.content');\n        const toggleButton = container.querySelector('.toggleButton');\n\n        let isDiv1Visible = true;\n        let isFinnishFlag = true;\n\n        toggleButton.addEventListener('click', function() {\n            if (isDiv1Visible) {\n                contents[0].classList.remove('active');\n                contents[1].classList.add('active');\n            } else {\n                contents[1].classList.remove('active');\n                contents[0].classList.add('active');\n            }\n\n            if (isFinnishFlag) {\n                toggleButton.classList.remove('finnish-flag');\n                toggleButton.classList.add('uk-flag');\n            } else {\n                toggleButton.classList.remove('uk-flag');\n                toggleButton.classList.add('finnish-flag');\n            }\n\n            isDiv1Visible = !isDiv1Visible;\n            isFinnishFlag = !isFinnishFlag;\n        });\n    });\n});\n\n<\/script>\t\t\t\t<\/div>\n\t\t\t\t<\/div>\n\t\t\t\t\t<\/div>\n\t\t\t\t<\/div>\n\t\t\t\t<div class=\"elementor-element elementor-element-7d2551c content active elementor-widget elementor-widget-text-editor\" data-id=\"7d2551c\" data-element_type=\"widget\" data-widget_type=\"text-editor.default\">\n\t\t\t\t<div class=\"elementor-widget-container\">\n\t\t\t\t\t\t\t\t\t<p>Welcome to take your workouts to the next level. At Robust, we will help you challenge yourself and push your limits in our highly effective workouts. Immerse yourself in the energizing atmosphere of our classes, where our dedicated instructors ensure that you can focus only on your own movement &#8211; we will take care of the rest.<\/p><p>Whether you choose the heart-pounding HIIT &amp; Run, the strength, mobility, and control building Barre by Barresara or Pilates classes, you can be sure that training at Robust is a one-of-a-kind experience. If reformer Pilates is for you, Robust Reformer studio will offer you an experience like never before.<\/p>\t\t\t\t\t\t\t\t<\/div>\n\t\t\t\t<\/div>\n\t\t\t\t<div class=\"elementor-element elementor-element-4e52364 content elementor-widget elementor-widget-text-editor\" data-id=\"4e52364\" data-element_type=\"widget\" data-widget_type=\"text-editor.default\">\n\t\t\t\t<div class=\"elementor-widget-container\">\n\t\t\t\t\t\t\t\t\t<p>Tervetuloa viem\u00e4\u00e4n treenisi seuraavalle tasolle. Robustilla p\u00e4\u00e4set ylitt\u00e4m\u00e4\u00e4n itsesi ja haastamaan itse\u00e4si tehokkaissa treeneiss\u00e4mme. Kaikki ohjaajamme ovat sitoutuneita siihen, ett\u00e4 voit keskitty\u00e4 tekemiseen ja antautua mukaansa tempaavaan tunnelmaan. Oli valintanasi sitten intensiivinen ja sykett\u00e4 maksimitasolle nostattava HIIT&amp;Run, kehonhallintaa, liikkuvuutta ja voimaa kasvattavat Barre by Barresara- tai Pilates-tunnit, voit olla varma siit\u00e4, ett\u00e4 Robustilla treenaaminen on ainutlaatuinen kokemus. Robust Reformer -studiolla p\u00e4\u00e4set kokemaan laitepilateksen tavalla, jollaista ei ole Suomessa ennen n\u00e4hty.<\/p>\t\t\t\t\t\t\t\t<\/div>\n\t\t\t\t<\/div>\n\t\t<div class=\"elementor-element elementor-element-a9f5570 e-grid e-con-boxed e-con e-child\" data-id=\"a9f5570\" data-element_type=\"container\">\n\t\t\t\t\t<div class=\"e-con-inner\">\n\t\t\t\t<div class=\"elementor-element elementor-element-4e9d09a elementor-align-center gradientBorder elementor-widget elementor-widget-button\" data-id=\"4e9d09a\" data-element_type=\"widget\" data-widget_type=\"button.default\">\n\t\t\t\t<div class=\"elementor-widget-container\">\n\t\t\t\t\t\t\t\t\t<div class=\"elementor-button-wrapper\">\n\t\t\t\t\t<a class=\"elementor-button elementor-button-link elementor-size-sm\" href=\"https:\/\/robuststudio.fi\/index.php\/robust-hiitbarre-studio\/\">\n\t\t\t\t\t\t<span class=\"elementor-button-content-wrapper\">\n\t\t\t\t\t\t\t\t\t<span class=\"elementor-button-text\">ROBUST HIIT &amp; BARRE STUDIO<\/span>\n\t\t\t\t\t<\/span>\n\t\t\t\t\t<\/a>\n\t\t\t\t<\/div>\n\t\t\t\t\t\t\t\t<\/div>\n\t\t\t\t<\/div>\n\t\t\t\t<div class=\"elementor-element elementor-element-934cfce elementor-align-center gradientBorder2 elementor-widget elementor-widget-button\" data-id=\"934cfce\" data-element_type=\"widget\" data-widget_type=\"button.default\">\n\t\t\t\t<div class=\"elementor-widget-container\">\n\t\t\t\t\t\t\t\t\t<div class=\"elementor-button-wrapper\">\n\t\t\t\t\t<a class=\"elementor-button elementor-button-link elementor-size-sm\" href=\"https:\/\/robuststudio.fi\/index.php\/robust-reformer\/\">\n\t\t\t\t\t\t<span class=\"elementor-button-content-wrapper\">\n\t\t\t\t\t\t\t\t\t<span class=\"elementor-button-text\">ROBUST REFORMER<\/span>\n\t\t\t\t\t<\/span>\n\t\t\t\t\t<\/a>\n\t\t\t\t<\/div>\n\t\t\t\t\t\t\t\t<\/div>\n\t\t\t\t<\/div>\n\t\t\t\t\t<\/div>\n\t\t\t\t<\/div>\n\t\t\t\t\t<\/div>\n\t\t\t\t<\/div>\n\t\t<div class=\"elementor-element elementor-element-f289bc4 e-flex e-con-boxed e-con e-parent\" data-id=\"f289bc4\" data-element_type=\"container\">\n\t\t\t\t\t<div class=\"e-con-inner\">\n\t\t<div class=\"elementor-element elementor-element-6a9b7d0 e-grid e-con-boxed e-con e-child\" data-id=\"6a9b7d0\" data-element_type=\"container\">\n\t\t\t\t\t<div class=\"e-con-inner\">\n\t\t<div class=\"elementor-element elementor-element-4ec33b0 e-flex e-con-boxed e-con e-child\" data-id=\"4ec33b0\" data-element_type=\"container\" data-settings=\"{&quot;background_background&quot;:&quot;classic&quot;}\">\n\t\t\t\t\t<div class=\"e-con-inner\">\n\t\t\t\t<div class=\"elementor-element elementor-element-e34843b elementor-align-center elementor-widget__width-initial elementor-widget elementor-widget-button\" data-id=\"e34843b\" data-element_type=\"widget\" data-widget_type=\"button.default\">\n\t\t\t\t<div class=\"elementor-widget-container\">\n\t\t\t\t\t\t\t\t\t<div class=\"elementor-button-wrapper\">\n\t\t\t\t\t<a class=\"elementor-button elementor-button-link elementor-size-sm\" href=\"https:\/\/robuststudio.fi\/index.php\/classes\/hiit-run\/\">\n\t\t\t\t\t\t<span class=\"elementor-button-content-wrapper\">\n\t\t\t\t\t\t\t\t\t<span class=\"elementor-button-text\">HIIT &amp; RUN<\/span>\n\t\t\t\t\t<\/span>\n\t\t\t\t\t<\/a>\n\t\t\t\t<\/div>\n\t\t\t\t\t\t\t\t<\/div>\n\t\t\t\t<\/div>\n\t\t\t\t\t<\/div>\n\t\t\t\t<\/div>\n\t\t<div class=\"elementor-element elementor-element-bbc7a9f e-flex e-con-boxed e-con e-child\" data-id=\"bbc7a9f\" data-element_type=\"container\" data-settings=\"{&quot;background_background&quot;:&quot;classic&quot;}\">\n\t\t\t\t\t<div class=\"e-con-inner\">\n\t\t\t\t<div class=\"elementor-element elementor-element-b46e92a elementor-align-center elementor-widget__width-initial elementor-widget elementor-widget-button\" data-id=\"b46e92a\" data-element_type=\"widget\" data-widget_type=\"button.default\">\n\t\t\t\t<div class=\"elementor-widget-container\">\n\t\t\t\t\t\t\t\t\t<div class=\"elementor-button-wrapper\">\n\t\t\t\t\t<a class=\"elementor-button elementor-button-link elementor-size-sm\" href=\"https:\/\/robuststudio.fi\/index.php\/classes\/barre-by-barresara\/\">\n\t\t\t\t\t\t<span class=\"elementor-button-content-wrapper\">\n\t\t\t\t\t\t\t\t\t<span class=\"elementor-button-text\">BARRE BY<br \/>BARRESARA &reg;<\/span>\n\t\t\t\t\t<\/span>\n\t\t\t\t\t<\/a>\n\t\t\t\t<\/div>\n\t\t\t\t\t\t\t\t<\/div>\n\t\t\t\t<\/div>\n\t\t\t\t\t<\/div>\n\t\t\t\t<\/div>\n\t\t<div class=\"elementor-element elementor-element-cfcb081 e-flex e-con-boxed e-con e-child\" data-id=\"cfcb081\" data-element_type=\"container\" data-settings=\"{&quot;background_background&quot;:&quot;classic&quot;}\">\n\t\t\t\t\t<div class=\"e-con-inner\">\n\t\t\t\t<div class=\"elementor-element elementor-element-ae7344b elementor-align-center elementor-widget__width-initial elementor-widget elementor-widget-button\" data-id=\"ae7344b\" data-element_type=\"widget\" data-widget_type=\"button.default\">\n\t\t\t\t<div class=\"elementor-widget-container\">\n\t\t\t\t\t\t\t\t\t<div class=\"elementor-button-wrapper\">\n\t\t\t\t\t<a class=\"elementor-button elementor-button-link elementor-size-sm\" href=\"https:\/\/robuststudio.fi\/index.php\/classes\/healing-yoga\/\">\n\t\t\t\t\t\t<span class=\"elementor-button-content-wrapper\">\n\t\t\t\t\t\t\t\t\t<span class=\"elementor-button-text\">HEALING YOGA<\/span>\n\t\t\t\t\t<\/span>\n\t\t\t\t\t<\/a>\n\t\t\t\t<\/div>\n\t\t\t\t\t\t\t\t<\/div>\n\t\t\t\t<\/div>\n\t\t\t\t\t<\/div>\n\t\t\t\t<\/div>\n\t\t<div class=\"elementor-element elementor-element-6e85554 e-flex e-con-boxed e-con e-child\" data-id=\"6e85554\" data-element_type=\"container\" data-settings=\"{&quot;background_background&quot;:&quot;classic&quot;}\">\n\t\t\t\t\t<div class=\"e-con-inner\">\n\t\t\t\t<div class=\"elementor-element elementor-element-9c488b0 elementor-align-center elementor-widget__width-initial elementor-widget elementor-widget-button\" data-id=\"9c488b0\" data-element_type=\"widget\" data-widget_type=\"button.default\">\n\t\t\t\t<div class=\"elementor-widget-container\">\n\t\t\t\t\t\t\t\t\t<div class=\"elementor-button-wrapper\">\n\t\t\t\t\t<a class=\"elementor-button elementor-button-link elementor-size-sm\" href=\"https:\/\/robuststudio.fi\/index.php\/classes\/party\/\">\n\t\t\t\t\t\t<span class=\"elementor-button-content-wrapper\">\n\t\t\t\t\t\t\t\t\t<span class=\"elementor-button-text\">PARTY<\/span>\n\t\t\t\t\t<\/span>\n\t\t\t\t\t<\/a>\n\t\t\t\t<\/div>\n\t\t\t\t\t\t\t\t<\/div>\n\t\t\t\t<\/div>\n\t\t\t\t\t<\/div>\n\t\t\t\t<\/div>\n\t\t<div class=\"elementor-element elementor-element-f555c5b e-flex e-con-boxed e-con e-child\" data-id=\"f555c5b\" data-element_type=\"container\" data-settings=\"{&quot;background_background&quot;:&quot;classic&quot;}\">\n\t\t\t\t\t<div class=\"e-con-inner\">\n\t\t\t\t<div class=\"elementor-element elementor-element-81a570c elementor-align-center elementor-widget__width-initial elementor-widget elementor-widget-button\" data-id=\"81a570c\" data-element_type=\"widget\" data-widget_type=\"button.default\">\n\t\t\t\t<div class=\"elementor-widget-container\">\n\t\t\t\t\t\t\t\t\t<div class=\"elementor-button-wrapper\">\n\t\t\t\t\t<a class=\"elementor-button elementor-button-link elementor-size-sm\" href=\"https:\/\/robuststudio.fi\/index.php\/classes\/pilates-by-barresara\/\">\n\t\t\t\t\t\t<span class=\"elementor-button-content-wrapper\">\n\t\t\t\t\t\t\t\t\t<span class=\"elementor-button-text\">PILATES BY <br \/>BARRESARA &reg;<\/span>\n\t\t\t\t\t<\/span>\n\t\t\t\t\t<\/a>\n\t\t\t\t<\/div>\n\t\t\t\t\t\t\t\t<\/div>\n\t\t\t\t<\/div>\n\t\t\t\t\t<\/div>\n\t\t\t\t<\/div>\n\t\t<div class=\"elementor-element elementor-element-a06238f e-flex e-con-boxed e-con e-child\" data-id=\"a06238f\" data-element_type=\"container\" data-settings=\"{&quot;background_background&quot;:&quot;classic&quot;}\">\n\t\t\t\t\t<div class=\"e-con-inner\">\n\t\t\t\t<div class=\"elementor-element elementor-element-cf8c49a elementor-align-center elementor-widget__width-initial elementor-widget elementor-widget-button\" data-id=\"cf8c49a\" data-element_type=\"widget\" data-widget_type=\"button.default\">\n\t\t\t\t<div class=\"elementor-widget-container\">\n\t\t\t\t\t\t\t\t\t<div class=\"elementor-button-wrapper\">\n\t\t\t\t\t<a class=\"elementor-button elementor-button-link elementor-size-sm\" href=\"https:\/\/robuststudio.fi\/index.php\/classes\/reformer\/\">\n\t\t\t\t\t\t<span class=\"elementor-button-content-wrapper\">\n\t\t\t\t\t\t\t\t\t<span class=\"elementor-button-text\">ROBUST REFORMER<\/span>\n\t\t\t\t\t<\/span>\n\t\t\t\t\t<\/a>\n\t\t\t\t<\/div>\n\t\t\t\t\t\t\t\t<\/div>\n\t\t\t\t<\/div>\n\t\t\t\t\t<\/div>\n\t\t\t\t<\/div>\n\t\t\t\t\t<\/div>\n\t\t\t\t<\/div>\n\t\t\t\t\t<\/div>\n\t\t\t\t<\/div>\n\t\t\t\t<\/div>\n\t\t","protected":false},"excerpt":{"rendered":"<p>WELCOME TO ROBUST Welcome to take your workouts to the next level. At Robust, we will help you challenge yourself and push your limits in our highly effective workouts. Immerse yourself in the energizing atmosphere of our classes, where our dedicated instructors ensure that you can focus only on your own movement &#8211; we will [&hellip;]<\/p>\n","protected":false},"author":1,"featured_media":0,"parent":0,"menu_order":0,"comment_status":"closed","ping_status":"closed","template":"","meta":{"footnotes":""},"class_list":["post-93","page","type-page","status-publish","hentry"],"yoast_head":"<!-- This site is optimized with the Yoast SEO plugin v26.9 - https:\/\/yoast.com\/product\/yoast-seo-wordpress\/ -->\n<title>Etusivu - Robust Hiit &amp; Barre studio<\/title>\n<meta name=\"description\" content=\"Robust HIIT&amp;Barre -studio tarjoaa intensiivisen HIIT&amp;Run tunnin lis\u00e4ksi Barre ja Pilates -tunteja sek\u00e4 tanssillista ryhm\u00e4liikuntaa Turussa.\" \/>\n<meta name=\"robots\" content=\"index, follow, max-snippet:-1, max-image-preview:large, max-video-preview:-1\" \/>\n<link rel=\"canonical\" href=\"https:\/\/robuststudio.fi\/\" \/>\n<meta property=\"og:locale\" content=\"fi_FI\" \/>\n<meta property=\"og:type\" content=\"article\" \/>\n<meta property=\"og:title\" content=\"Etusivu - Robust Hiit &amp; Barre studio\" \/>\n<meta property=\"og:description\" content=\"Robust HIIT&amp;Barre -studio tarjoaa intensiivisen HIIT&amp;Run tunnin lis\u00e4ksi Barre ja Pilates -tunteja sek\u00e4 tanssillista ryhm\u00e4liikuntaa Turussa.\" \/>\n<meta property=\"og:url\" content=\"https:\/\/robuststudio.fi\/\" \/>\n<meta property=\"og:site_name\" content=\"Robust Hiit &amp; Barre studio\" \/>\n<meta property=\"article:modified_time\" content=\"2025-06-09T07:47:02+00:00\" \/>\n<meta name=\"twitter:card\" content=\"summary_large_image\" \/>\n<meta name=\"twitter:label1\" content=\"Arvioitu lukuaika\" \/>\n\t<meta name=\"twitter:data1\" content=\"2 minuuttia\" \/>\n<script type=\"application\/ld+json\" class=\"yoast-schema-graph\">{\"@context\":\"https:\/\/schema.org\",\"@graph\":[{\"@type\":\"WebPage\",\"@id\":\"https:\/\/robuststudio.fi\/\",\"url\":\"https:\/\/robuststudio.fi\/\",\"name\":\"Etusivu - Robust Hiit &amp; Barre studio\",\"isPartOf\":{\"@id\":\"https:\/\/robuststudio.fi\/#website\"},\"datePublished\":\"2024-05-16T12:43:44+00:00\",\"dateModified\":\"2025-06-09T07:47:02+00:00\",\"description\":\"Robust HIIT&Barre -studio tarjoaa intensiivisen HIIT&Run tunnin lis\u00e4ksi Barre ja Pilates -tunteja sek\u00e4 tanssillista ryhm\u00e4liikuntaa Turussa.\",\"breadcrumb\":{\"@id\":\"https:\/\/robuststudio.fi\/#breadcrumb\"},\"inLanguage\":\"fi\",\"potentialAction\":[{\"@type\":\"ReadAction\",\"target\":[\"https:\/\/robuststudio.fi\/\"]}]},{\"@type\":\"BreadcrumbList\",\"@id\":\"https:\/\/robuststudio.fi\/#breadcrumb\",\"itemListElement\":[{\"@type\":\"ListItem\",\"position\":1,\"name\":\"Etusivu\",\"item\":\"https:\/\/robuststudio.fi\/\"},{\"@type\":\"ListItem\",\"position\":2,\"name\":\"Etusivu\"}]},{\"@type\":\"WebSite\",\"@id\":\"https:\/\/robuststudio.fi\/#website\",\"url\":\"https:\/\/robuststudio.fi\/\",\"name\":\"Robust Hiit &amp; Barre studio\",\"description\":\"\",\"publisher\":{\"@id\":\"https:\/\/robuststudio.fi\/#organization\"},\"potentialAction\":[{\"@type\":\"SearchAction\",\"target\":{\"@type\":\"EntryPoint\",\"urlTemplate\":\"https:\/\/robuststudio.fi\/?s={search_term_string}\"},\"query-input\":{\"@type\":\"PropertyValueSpecification\",\"valueRequired\":true,\"valueName\":\"search_term_string\"}}],\"inLanguage\":\"fi\"},{\"@type\":\"Organization\",\"@id\":\"https:\/\/robuststudio.fi\/#organization\",\"name\":\"Robust Hiit &amp; Barre studio\",\"url\":\"https:\/\/robuststudio.fi\/\",\"logo\":{\"@type\":\"ImageObject\",\"inLanguage\":\"fi\",\"@id\":\"https:\/\/robuststudio.fi\/#\/schema\/logo\/image\/\",\"url\":\"https:\/\/robuststudio.fi\/wp-content\/uploads\/2024\/04\/robust_hiitandbarre_logo.png\",\"contentUrl\":\"https:\/\/robuststudio.fi\/wp-content\/uploads\/2024\/04\/robust_hiitandbarre_logo.png\",\"width\":1090,\"height\":516,\"caption\":\"Robust Hiit &amp; Barre studio\"},\"image\":{\"@id\":\"https:\/\/robuststudio.fi\/#\/schema\/logo\/image\/\"}}]}<\/script>\n<!-- \/ Yoast SEO plugin. -->","yoast_head_json":{"title":"Etusivu - Robust Hiit &amp; Barre studio","description":"Robust HIIT&Barre -studio tarjoaa intensiivisen HIIT&Run tunnin lis\u00e4ksi Barre ja Pilates -tunteja sek\u00e4 tanssillista ryhm\u00e4liikuntaa Turussa.","robots":{"index":"index","follow":"follow","max-snippet":"max-snippet:-1","max-image-preview":"max-image-preview:large","max-video-preview":"max-video-preview:-1"},"canonical":"https:\/\/robuststudio.fi\/","og_locale":"fi_FI","og_type":"article","og_title":"Etusivu - Robust Hiit &amp; Barre studio","og_description":"Robust HIIT&Barre -studio tarjoaa intensiivisen HIIT&Run tunnin lis\u00e4ksi Barre ja Pilates -tunteja sek\u00e4 tanssillista ryhm\u00e4liikuntaa Turussa.","og_url":"https:\/\/robuststudio.fi\/","og_site_name":"Robust Hiit &amp; Barre studio","article_modified_time":"2025-06-09T07:47:02+00:00","twitter_card":"summary_large_image","twitter_misc":{"Arvioitu lukuaika":"2 minuuttia"},"schema":{"@context":"https:\/\/schema.org","@graph":[{"@type":"WebPage","@id":"https:\/\/robuststudio.fi\/","url":"https:\/\/robuststudio.fi\/","name":"Etusivu - Robust Hiit &amp; Barre studio","isPartOf":{"@id":"https:\/\/robuststudio.fi\/#website"},"datePublished":"2024-05-16T12:43:44+00:00","dateModified":"2025-06-09T07:47:02+00:00","description":"Robust HIIT&Barre -studio tarjoaa intensiivisen HIIT&Run tunnin lis\u00e4ksi Barre ja Pilates -tunteja sek\u00e4 tanssillista ryhm\u00e4liikuntaa Turussa.","breadcrumb":{"@id":"https:\/\/robuststudio.fi\/#breadcrumb"},"inLanguage":"fi","potentialAction":[{"@type":"ReadAction","target":["https:\/\/robuststudio.fi\/"]}]},{"@type":"BreadcrumbList","@id":"https:\/\/robuststudio.fi\/#breadcrumb","itemListElement":[{"@type":"ListItem","position":1,"name":"Etusivu","item":"https:\/\/robuststudio.fi\/"},{"@type":"ListItem","position":2,"name":"Etusivu"}]},{"@type":"WebSite","@id":"https:\/\/robuststudio.fi\/#website","url":"https:\/\/robuststudio.fi\/","name":"Robust Hiit &amp; Barre studio","description":"","publisher":{"@id":"https:\/\/robuststudio.fi\/#organization"},"potentialAction":[{"@type":"SearchAction","target":{"@type":"EntryPoint","urlTemplate":"https:\/\/robuststudio.fi\/?s={search_term_string}"},"query-input":{"@type":"PropertyValueSpecification","valueRequired":true,"valueName":"search_term_string"}}],"inLanguage":"fi"},{"@type":"Organization","@id":"https:\/\/robuststudio.fi\/#organization","name":"Robust Hiit &amp; Barre studio","url":"https:\/\/robuststudio.fi\/","logo":{"@type":"ImageObject","inLanguage":"fi","@id":"https:\/\/robuststudio.fi\/#\/schema\/logo\/image\/","url":"https:\/\/robuststudio.fi\/wp-content\/uploads\/2024\/04\/robust_hiitandbarre_logo.png","contentUrl":"https:\/\/robuststudio.fi\/wp-content\/uploads\/2024\/04\/robust_hiitandbarre_logo.png","width":1090,"height":516,"caption":"Robust Hiit &amp; Barre studio"},"image":{"@id":"https:\/\/robuststudio.fi\/#\/schema\/logo\/image\/"}}]}},"_links":{"self":[{"href":"https:\/\/robuststudio.fi\/index.php\/wp-json\/wp\/v2\/pages\/93","targetHints":{"allow":["GET"]}}],"collection":[{"href":"https:\/\/robuststudio.fi\/index.php\/wp-json\/wp\/v2\/pages"}],"about":[{"href":"https:\/\/robuststudio.fi\/index.php\/wp-json\/wp\/v2\/types\/page"}],"author":[{"embeddable":true,"href":"https:\/\/robuststudio.fi\/index.php\/wp-json\/wp\/v2\/users\/1"}],"replies":[{"embeddable":true,"href":"https:\/\/robuststudio.fi\/index.php\/wp-json\/wp\/v2\/comments?post=93"}],"version-history":[{"count":193,"href":"https:\/\/robuststudio.fi\/index.php\/wp-json\/wp\/v2\/pages\/93\/revisions"}],"predecessor-version":[{"id":1539,"href":"https:\/\/robuststudio.fi\/index.php\/wp-json\/wp\/v2\/pages\/93\/revisions\/1539"}],"wp:attachment":[{"href":"https:\/\/robuststudio.fi\/index.php\/wp-json\/wp\/v2\/media?parent=93"}],"curies":[{"name":"wp","href":"https:\/\/api.w.org\/{rel}","templated":true}]}}