{"id":921,"date":"2024-10-02T08:12:26","date_gmt":"2024-10-02T06:12:26","guid":{"rendered":"https:\/\/robuststudio.fi\/?page_id=921"},"modified":"2025-10-16T15:32:53","modified_gmt":"2025-10-16T13:32:53","slug":"hiit-run","status":"publish","type":"page","link":"https:\/\/robuststudio.fi\/index.php\/classes\/hiit-run\/","title":{"rendered":"HIIT &amp; RUN"},"content":{"rendered":"\t\t<div data-elementor-type=\"wp-page\" data-elementor-id=\"921\" class=\"elementor elementor-921\" data-elementor-post-type=\"page\">\n\t\t\t\t<div class=\"elementor-element elementor-element-c721a8e e-flex e-con-boxed e-con e-parent\" data-id=\"c721a8e\" data-element_type=\"container\">\n\t\t\t\t\t<div class=\"e-con-inner\">\n\t\t<div class=\"elementor-element elementor-element-0cf6e27 e-flex e-con-boxed e-con e-child\" data-id=\"0cf6e27\" data-element_type=\"container\">\n\t\t\t\t\t<div class=\"e-con-inner\">\n\t\t<div class=\"elementor-element elementor-element-c37680d e-con-full e-flex e-con e-child\" data-id=\"c37680d\" data-element_type=\"container\">\n\t\t\t\t<div class=\"elementor-element elementor-element-af0beef elementor-widget elementor-widget-image\" data-id=\"af0beef\" data-element_type=\"widget\" data-widget_type=\"image.default\">\n\t\t\t\t<div class=\"elementor-widget-container\">\n\t\t\t\t\t\t\t\t\t\t\t\t\t\t\t<img fetchpriority=\"high\" decoding=\"async\" width=\"683\" height=\"1024\" src=\"https:\/\/robuststudio.fi\/wp-content\/uploads\/2025\/02\/RP204754-683x1024.jpg\" class=\"attachment-large size-large wp-image-1466\" alt=\"Robust HIIT&amp;Barre -studio, HIIT&amp;Run -tunti. Ihmisi\u00e4 juoksemassa juoksumatolla.\" srcset=\"https:\/\/robuststudio.fi\/wp-content\/uploads\/2025\/02\/RP204754-683x1024.jpg 683w, https:\/\/robuststudio.fi\/wp-content\/uploads\/2025\/02\/RP204754-200x300.jpg 200w, https:\/\/robuststudio.fi\/wp-content\/uploads\/2025\/02\/RP204754-768x1152.jpg 768w, https:\/\/robuststudio.fi\/wp-content\/uploads\/2025\/02\/RP204754-1024x1536.jpg 1024w, https:\/\/robuststudio.fi\/wp-content\/uploads\/2025\/02\/RP204754.jpg 1365w\" sizes=\"(max-width: 683px) 100vw, 683px\" \/>\t\t\t\t\t\t\t\t\t\t\t\t\t\t\t<\/div>\n\t\t\t\t<\/div>\n\t\t\t\t<\/div>\n\t\t<div class=\"elementor-element elementor-element-0de0de6 container e-flex e-con-boxed e-con e-child\" data-id=\"0de0de6\" data-element_type=\"container\">\n\t\t\t\t\t<div class=\"e-con-inner\">\n\t\t<div class=\"elementor-element elementor-element-4f0e84e e-flex e-con-boxed e-con e-child\" data-id=\"4f0e84e\" data-element_type=\"container\">\n\t\t\t\t\t<div class=\"e-con-inner\">\n\t\t\t\t<div class=\"elementor-element elementor-element-972b261 elementor-widget__width-auto elementor-widget elementor-widget-heading\" data-id=\"972b261\" data-element_type=\"widget\" data-widget_type=\"heading.default\">\n\t\t\t\t<div class=\"elementor-widget-container\">\n\t\t\t\t\t<h2 class=\"elementor-heading-title elementor-size-default\">HIIT &amp; RUN<\/h2>\t\t\t\t<\/div>\n\t\t\t\t<\/div>\n\t\t\t\t<div class=\"elementor-element elementor-element-205e8f7 elementor-widget__width-auto elementor-widget elementor-widget-html\" data-id=\"205e8f7\" data-element_type=\"widget\" data-widget_type=\"html.default\">\n\t\t\t\t<div class=\"elementor-widget-container\">\n\t\t\t\t\t<button class=\"toggleButton flag finnish-flag\"><\/button>\n\n<script>\ndocument.addEventListener('DOMContentLoaded', function() {\n    const containers = document.querySelectorAll('.container');\n\n    containers.forEach(container => {\n        const contents = container.querySelectorAll('.content');\n        const toggleButton = container.querySelector('.toggleButton');\n\n        let isDiv1Visible = true;\n        let isFinnishFlag = true;\n\n        toggleButton.addEventListener('click', function() {\n            if (isDiv1Visible) {\n                contents[0].classList.remove('active');\n                contents[1].classList.add('active');\n            } else {\n                contents[1].classList.remove('active');\n                contents[0].classList.add('active');\n            }\n\n            if (isFinnishFlag) {\n                toggleButton.classList.remove('finnish-flag');\n                toggleButton.classList.add('uk-flag');\n            } else {\n                toggleButton.classList.remove('uk-flag');\n                toggleButton.classList.add('finnish-flag');\n            }\n\n            isDiv1Visible = !isDiv1Visible;\n            isFinnishFlag = !isFinnishFlag;\n        });\n    });\n});\n\n<\/script>\t\t\t\t<\/div>\n\t\t\t\t<\/div>\n\t\t\t\t\t<\/div>\n\t\t\t\t<\/div>\n\t\t\t\t<div class=\"elementor-element elementor-element-3d34dc4 content active elementor-widget elementor-widget-text-editor\" data-id=\"3d34dc4\" data-element_type=\"widget\" data-widget_type=\"text-editor.default\">\n\t\t\t\t<div class=\"elementor-widget-container\">\n\t\t\t\t\t\t\t\t\t<p>Experience the exhilarating challenge of Robust Hiit&amp;Run\u2014a high-intensity workout designed to push you to your limits. This rigorous session combines fast-paced treadmill intervals, intense strength training, and demanding air bike exercises. You\u2019ll finish feeling accomplished and energized, ready to enjoy well-deserved, refreshing smoothies with your workout companions. Elevate your fitness and join us at Robust Hiit&amp;Run for a workout that\u2019s as rewarding as it is challenging.<\/p><p>HIIT&amp;Run classes are divided into three categories: HIIT&amp;Run Glutes &amp; Abs, Functional Body, and Full Body.<\/p><p>HIIT&amp;Run Glutes &amp; Abs offers a full-body workout with a strong focus on glutes and core, just as the name suggests. It&#8217;s an effective session that targets these key muscle groups while still engaging the entire body.<\/p><p>HIIT&amp;Run Functional Body is an excellent choice for those looking to challenge themselves with a full-body functional workout. This class is ideal for anyone interested in trending training styles like Functional Fitness and Hybrid Training, which aim to develop all aspects of fitness in a versatile and efficient way within a single session.<\/p><p>The hugely popular HIIT&amp;Run Full Body delivers a powerful full-body challenge. It&#8217;s perfect for those who want to combine running intervals and heart-pumping cardio with strength training that targets both upper and lower body \u2013 all in one session.<\/p>\t\t\t\t\t\t\t\t<\/div>\n\t\t\t\t<\/div>\n\t\t\t\t<div class=\"elementor-element elementor-element-870826b content elementor-widget elementor-widget-text-editor\" data-id=\"870826b\" data-element_type=\"widget\" data-widget_type=\"text-editor.default\">\n\t\t\t\t<div class=\"elementor-widget-container\">\n\t\t\t\t\t\t\t\t\t<p>Koe Robust Hiit&amp;Run \u2013 intensiivinen harjoitus, joka on suunniteltu viem\u00e4\u00e4n sinut rajojesi yli. T\u00e4ll\u00e4 tunnilla juoksumattointervallit, tehokas voimaharjoittelu ja sykett\u00e4 kohottavat airbike -osiot yhdistyv\u00e4t huikean energiseksi kokonaisuudeksi. Treenin j\u00e4lkeen tunnet olevasi voittaja ja olet valmis nauttimaan palauttavan smoothien treenikavereidesi kanssa. Kohota kuntoasi ja ota Robust Hiit&amp;Run osaksi harjoitteluasi. Se tulee haastamaan sinua, mutta palkitsee my\u00f6s.<\/p><p>HIIT&amp;Run -tunnit on jaettu kolmeen eri kategoriaan: HIIT&amp;Run Glutes&amp;Abs, Functional Body ja Full Body.<\/p><p>HIIT&amp;Run Glutes &amp; Abs tarjoaa nimens\u00e4 mukaisesti tehokkaan koko kehon treenin pakara- ja vatsalihaspainotuksella.<\/p><p>HIIT&amp;Run Functional Body on erinomainen valinta treenaajalle, joka haluaa haastaa itse\u00e4\u00e4n koko kehon toiminnallisella harjoituksella. Tunti sopii kaikille, jotka ovat kiinnostuneita maailmalla trendaavista Functional Fitness ja Hybrid Training -treenimuodoista, joissa kaikkia kunnon eri osa-alueita kehitet\u00e4\u00e4n mahdollisimman monipuolisesti ja tehokkaasti yhden treenin aikana.<\/p><p>Supersuosion saavuttanut HIIT&amp;Run Full Body haastaa tehokkaasti koko kehoa. Se sopii erinomaisesti treenaajalle, joka haluaa keskitty\u00e4 juoksuintervallien ja sykett\u00e4 kohottavien kardioharjoitusten lis\u00e4ksi kehitt\u00e4m\u00e4\u00e4n lihasvoimaa tasaisesti saman tunnin aikana sek\u00e4 yl\u00e4- ett\u00e4 alavartaloon keskittyvill\u00e4 harjoituksilla.<\/p>\t\t\t\t\t\t\t\t<\/div>\n\t\t\t\t<\/div>\n\t\t\t\t\t<\/div>\n\t\t\t\t<\/div>\n\t\t\t\t\t<\/div>\n\t\t\t\t<\/div>\n\t\t\t\t\t<\/div>\n\t\t\t\t<\/div>\n\t\t<div class=\"elementor-element elementor-element-9bc230f e-flex e-con-boxed e-con e-parent\" data-id=\"9bc230f\" data-element_type=\"container\">\n\t\t\t\t\t<div class=\"e-con-inner\">\n\t\t\t\t<div class=\"elementor-element elementor-element-d673811 elementor-align-center elementor-widget elementor-widget-button\" data-id=\"d673811\" data-element_type=\"widget\" data-widget_type=\"button.default\">\n\t\t\t\t<div class=\"elementor-widget-container\">\n\t\t\t\t\t\t\t\t\t<div class=\"elementor-button-wrapper\">\n\t\t\t\t\t<a class=\"elementor-button elementor-button-link elementor-size-sm\" href=\"https:\/\/robuststudio.fi\/index.php\/classes\/\">\n\t\t\t\t\t\t<span class=\"elementor-button-content-wrapper\">\n\t\t\t\t\t\t\t\t\t<span class=\"elementor-button-text\">ALL CLASSES &gt;<\/span>\n\t\t\t\t\t<\/span>\n\t\t\t\t\t<\/a>\n\t\t\t\t<\/div>\n\t\t\t\t\t\t\t\t<\/div>\n\t\t\t\t<\/div>\n\t\t\t\t\t<\/div>\n\t\t\t\t<\/div>\n\t\t\t\t<\/div>\n\t\t","protected":false},"excerpt":{"rendered":"<p>HIIT &#038; RUN Experience the exhilarating challenge of Robust Hiit&amp;Run\u2014a high-intensity workout designed to push you to your limits. This rigorous session combines fast-paced treadmill intervals, intense strength training, and demanding air bike exercises. You\u2019ll finish feeling accomplished and energized, ready to enjoy well-deserved, refreshing smoothies with your workout companions. Elevate your fitness and join [&hellip;]<\/p>\n","protected":false},"author":1,"featured_media":0,"parent":957,"menu_order":0,"comment_status":"closed","ping_status":"closed","template":"","meta":{"footnotes":""},"class_list":["post-921","page","type-page","status-publish","hentry"],"yoast_head":"<!-- This site is optimized with the Yoast SEO plugin v26.9 - https:\/\/yoast.com\/product\/yoast-seo-wordpress\/ -->\n<title>HIIT &amp; RUN - Robust Hiit &amp; Barre studio<\/title>\n<meta name=\"description\" content=\"Robust HIIT &amp; Run tunti haastaa kehoa ja suorituskyky\u00e4. Tunnilla jokainen voi kokeilla omia rajojaan ja kehitty\u00e4 ep\u00e4mukavuusalueella.\" \/>\n<meta name=\"robots\" content=\"index, follow, max-snippet:-1, max-image-preview:large, max-video-preview:-1\" \/>\n<link rel=\"canonical\" href=\"https:\/\/robuststudio.fi\/index.php\/classes\/hiit-run\/\" \/>\n<meta property=\"og:locale\" content=\"fi_FI\" \/>\n<meta property=\"og:type\" content=\"article\" \/>\n<meta property=\"og:title\" content=\"HIIT &amp; RUN - Robust Hiit &amp; Barre studio\" \/>\n<meta property=\"og:description\" content=\"Robust HIIT &amp; Run tunti haastaa kehoa ja suorituskyky\u00e4. Tunnilla jokainen voi kokeilla omia rajojaan ja kehitty\u00e4 ep\u00e4mukavuusalueella.\" \/>\n<meta property=\"og:url\" content=\"https:\/\/robuststudio.fi\/index.php\/classes\/hiit-run\/\" \/>\n<meta property=\"og:site_name\" content=\"Robust Hiit &amp; Barre studio\" \/>\n<meta property=\"article:modified_time\" content=\"2025-10-16T13:32:53+00:00\" \/>\n<meta property=\"og:image\" content=\"https:\/\/robuststudio.fi\/wp-content\/uploads\/2025\/02\/RP204754.jpg\" \/>\n\t<meta property=\"og:image:width\" content=\"1365\" \/>\n\t<meta property=\"og:image:height\" content=\"2048\" \/>\n\t<meta property=\"og:image:type\" content=\"image\/jpeg\" \/>\n<meta name=\"twitter:card\" content=\"summary_large_image\" \/>\n<meta name=\"twitter:label1\" content=\"Arvioitu lukuaika\" \/>\n\t<meta name=\"twitter:data1\" content=\"3 minuuttia\" \/>\n<script type=\"application\/ld+json\" class=\"yoast-schema-graph\">{\"@context\":\"https:\/\/schema.org\",\"@graph\":[{\"@type\":\"WebPage\",\"@id\":\"https:\/\/robuststudio.fi\/index.php\/classes\/hiit-run\/\",\"url\":\"https:\/\/robuststudio.fi\/index.php\/classes\/hiit-run\/\",\"name\":\"HIIT &amp; RUN - Robust Hiit &amp; Barre studio\",\"isPartOf\":{\"@id\":\"https:\/\/robuststudio.fi\/#website\"},\"primaryImageOfPage\":{\"@id\":\"https:\/\/robuststudio.fi\/index.php\/classes\/hiit-run\/#primaryimage\"},\"image\":{\"@id\":\"https:\/\/robuststudio.fi\/index.php\/classes\/hiit-run\/#primaryimage\"},\"thumbnailUrl\":\"https:\/\/robuststudio.fi\/wp-content\/uploads\/2025\/02\/RP204754-683x1024.jpg\",\"datePublished\":\"2024-10-02T06:12:26+00:00\",\"dateModified\":\"2025-10-16T13:32:53+00:00\",\"description\":\"Robust HIIT & Run tunti haastaa kehoa ja suorituskyky\u00e4. Tunnilla jokainen voi kokeilla omia rajojaan ja kehitty\u00e4 ep\u00e4mukavuusalueella.\",\"breadcrumb\":{\"@id\":\"https:\/\/robuststudio.fi\/index.php\/classes\/hiit-run\/#breadcrumb\"},\"inLanguage\":\"fi\",\"potentialAction\":[{\"@type\":\"ReadAction\",\"target\":[\"https:\/\/robuststudio.fi\/index.php\/classes\/hiit-run\/\"]}]},{\"@type\":\"ImageObject\",\"inLanguage\":\"fi\",\"@id\":\"https:\/\/robuststudio.fi\/index.php\/classes\/hiit-run\/#primaryimage\",\"url\":\"https:\/\/robuststudio.fi\/wp-content\/uploads\/2025\/02\/RP204754.jpg\",\"contentUrl\":\"https:\/\/robuststudio.fi\/wp-content\/uploads\/2025\/02\/RP204754.jpg\",\"width\":1365,\"height\":2048,\"caption\":\"Robust HIIT&Barre -studio, HIIT&Run -tunti. Ihmisi\u00e4 juoksemassa juoksumatolla.\"},{\"@type\":\"BreadcrumbList\",\"@id\":\"https:\/\/robuststudio.fi\/index.php\/classes\/hiit-run\/#breadcrumb\",\"itemListElement\":[{\"@type\":\"ListItem\",\"position\":1,\"name\":\"Etusivu\",\"item\":\"https:\/\/robuststudio.fi\/\"},{\"@type\":\"ListItem\",\"position\":2,\"name\":\"Classes\",\"item\":\"https:\/\/robuststudio.fi\/index.php\/classes\/\"},{\"@type\":\"ListItem\",\"position\":3,\"name\":\"HIIT &amp; RUN\"}]},{\"@type\":\"WebSite\",\"@id\":\"https:\/\/robuststudio.fi\/#website\",\"url\":\"https:\/\/robuststudio.fi\/\",\"name\":\"Robust Hiit &amp; Barre studio\",\"description\":\"\",\"publisher\":{\"@id\":\"https:\/\/robuststudio.fi\/#organization\"},\"potentialAction\":[{\"@type\":\"SearchAction\",\"target\":{\"@type\":\"EntryPoint\",\"urlTemplate\":\"https:\/\/robuststudio.fi\/?s={search_term_string}\"},\"query-input\":{\"@type\":\"PropertyValueSpecification\",\"valueRequired\":true,\"valueName\":\"search_term_string\"}}],\"inLanguage\":\"fi\"},{\"@type\":\"Organization\",\"@id\":\"https:\/\/robuststudio.fi\/#organization\",\"name\":\"Robust Hiit &amp; Barre studio\",\"url\":\"https:\/\/robuststudio.fi\/\",\"logo\":{\"@type\":\"ImageObject\",\"inLanguage\":\"fi\",\"@id\":\"https:\/\/robuststudio.fi\/#\/schema\/logo\/image\/\",\"url\":\"https:\/\/robuststudio.fi\/wp-content\/uploads\/2024\/04\/robust_hiitandbarre_logo.png\",\"contentUrl\":\"https:\/\/robuststudio.fi\/wp-content\/uploads\/2024\/04\/robust_hiitandbarre_logo.png\",\"width\":1090,\"height\":516,\"caption\":\"Robust Hiit &amp; Barre studio\"},\"image\":{\"@id\":\"https:\/\/robuststudio.fi\/#\/schema\/logo\/image\/\"}}]}<\/script>\n<!-- \/ Yoast SEO plugin. -->","yoast_head_json":{"title":"HIIT &amp; RUN - Robust Hiit &amp; Barre studio","description":"Robust HIIT & Run tunti haastaa kehoa ja suorituskyky\u00e4. Tunnilla jokainen voi kokeilla omia rajojaan ja kehitty\u00e4 ep\u00e4mukavuusalueella.","robots":{"index":"index","follow":"follow","max-snippet":"max-snippet:-1","max-image-preview":"max-image-preview:large","max-video-preview":"max-video-preview:-1"},"canonical":"https:\/\/robuststudio.fi\/index.php\/classes\/hiit-run\/","og_locale":"fi_FI","og_type":"article","og_title":"HIIT &amp; RUN - Robust Hiit &amp; Barre studio","og_description":"Robust HIIT & Run tunti haastaa kehoa ja suorituskyky\u00e4. Tunnilla jokainen voi kokeilla omia rajojaan ja kehitty\u00e4 ep\u00e4mukavuusalueella.","og_url":"https:\/\/robuststudio.fi\/index.php\/classes\/hiit-run\/","og_site_name":"Robust Hiit &amp; Barre studio","article_modified_time":"2025-10-16T13:32:53+00:00","og_image":[{"width":1365,"height":2048,"url":"https:\/\/robuststudio.fi\/wp-content\/uploads\/2025\/02\/RP204754.jpg","type":"image\/jpeg"}],"twitter_card":"summary_large_image","twitter_misc":{"Arvioitu lukuaika":"3 minuuttia"},"schema":{"@context":"https:\/\/schema.org","@graph":[{"@type":"WebPage","@id":"https:\/\/robuststudio.fi\/index.php\/classes\/hiit-run\/","url":"https:\/\/robuststudio.fi\/index.php\/classes\/hiit-run\/","name":"HIIT &amp; RUN - Robust Hiit &amp; Barre studio","isPartOf":{"@id":"https:\/\/robuststudio.fi\/#website"},"primaryImageOfPage":{"@id":"https:\/\/robuststudio.fi\/index.php\/classes\/hiit-run\/#primaryimage"},"image":{"@id":"https:\/\/robuststudio.fi\/index.php\/classes\/hiit-run\/#primaryimage"},"thumbnailUrl":"https:\/\/robuststudio.fi\/wp-content\/uploads\/2025\/02\/RP204754-683x1024.jpg","datePublished":"2024-10-02T06:12:26+00:00","dateModified":"2025-10-16T13:32:53+00:00","description":"Robust HIIT & Run tunti haastaa kehoa ja suorituskyky\u00e4. Tunnilla jokainen voi kokeilla omia rajojaan ja kehitty\u00e4 ep\u00e4mukavuusalueella.","breadcrumb":{"@id":"https:\/\/robuststudio.fi\/index.php\/classes\/hiit-run\/#breadcrumb"},"inLanguage":"fi","potentialAction":[{"@type":"ReadAction","target":["https:\/\/robuststudio.fi\/index.php\/classes\/hiit-run\/"]}]},{"@type":"ImageObject","inLanguage":"fi","@id":"https:\/\/robuststudio.fi\/index.php\/classes\/hiit-run\/#primaryimage","url":"https:\/\/robuststudio.fi\/wp-content\/uploads\/2025\/02\/RP204754.jpg","contentUrl":"https:\/\/robuststudio.fi\/wp-content\/uploads\/2025\/02\/RP204754.jpg","width":1365,"height":2048,"caption":"Robust HIIT&Barre -studio, HIIT&Run -tunti. Ihmisi\u00e4 juoksemassa juoksumatolla."},{"@type":"BreadcrumbList","@id":"https:\/\/robuststudio.fi\/index.php\/classes\/hiit-run\/#breadcrumb","itemListElement":[{"@type":"ListItem","position":1,"name":"Etusivu","item":"https:\/\/robuststudio.fi\/"},{"@type":"ListItem","position":2,"name":"Classes","item":"https:\/\/robuststudio.fi\/index.php\/classes\/"},{"@type":"ListItem","position":3,"name":"HIIT &amp; RUN"}]},{"@type":"WebSite","@id":"https:\/\/robuststudio.fi\/#website","url":"https:\/\/robuststudio.fi\/","name":"Robust Hiit &amp; Barre studio","description":"","publisher":{"@id":"https:\/\/robuststudio.fi\/#organization"},"potentialAction":[{"@type":"SearchAction","target":{"@type":"EntryPoint","urlTemplate":"https:\/\/robuststudio.fi\/?s={search_term_string}"},"query-input":{"@type":"PropertyValueSpecification","valueRequired":true,"valueName":"search_term_string"}}],"inLanguage":"fi"},{"@type":"Organization","@id":"https:\/\/robuststudio.fi\/#organization","name":"Robust Hiit &amp; Barre studio","url":"https:\/\/robuststudio.fi\/","logo":{"@type":"ImageObject","inLanguage":"fi","@id":"https:\/\/robuststudio.fi\/#\/schema\/logo\/image\/","url":"https:\/\/robuststudio.fi\/wp-content\/uploads\/2024\/04\/robust_hiitandbarre_logo.png","contentUrl":"https:\/\/robuststudio.fi\/wp-content\/uploads\/2024\/04\/robust_hiitandbarre_logo.png","width":1090,"height":516,"caption":"Robust Hiit &amp; Barre studio"},"image":{"@id":"https:\/\/robuststudio.fi\/#\/schema\/logo\/image\/"}}]}},"_links":{"self":[{"href":"https:\/\/robuststudio.fi\/index.php\/wp-json\/wp\/v2\/pages\/921","targetHints":{"allow":["GET"]}}],"collection":[{"href":"https:\/\/robuststudio.fi\/index.php\/wp-json\/wp\/v2\/pages"}],"about":[{"href":"https:\/\/robuststudio.fi\/index.php\/wp-json\/wp\/v2\/types\/page"}],"author":[{"embeddable":true,"href":"https:\/\/robuststudio.fi\/index.php\/wp-json\/wp\/v2\/users\/1"}],"replies":[{"embeddable":true,"href":"https:\/\/robuststudio.fi\/index.php\/wp-json\/wp\/v2\/comments?post=921"}],"version-history":[{"count":37,"href":"https:\/\/robuststudio.fi\/index.php\/wp-json\/wp\/v2\/pages\/921\/revisions"}],"predecessor-version":[{"id":1657,"href":"https:\/\/robuststudio.fi\/index.php\/wp-json\/wp\/v2\/pages\/921\/revisions\/1657"}],"up":[{"embeddable":true,"href":"https:\/\/robuststudio.fi\/index.php\/wp-json\/wp\/v2\/pages\/957"}],"wp:attachment":[{"href":"https:\/\/robuststudio.fi\/index.php\/wp-json\/wp\/v2\/media?parent=921"}],"curies":[{"name":"wp","href":"https:\/\/api.w.org\/{rel}","templated":true}]}}