{"id":1188,"date":"2025-02-18T11:29:55","date_gmt":"2025-02-18T09:29:55","guid":{"rendered":"https:\/\/robuststudio.fi\/?page_id=1188"},"modified":"2025-06-09T09:28:41","modified_gmt":"2025-06-09T07:28:41","slug":"robust-hiitbarre-studio","status":"publish","type":"page","link":"https:\/\/robuststudio.fi\/index.php\/robust-hiitbarre-studio\/","title":{"rendered":"ROBUST HIIT&amp;BARRE STUDIO"},"content":{"rendered":"\t\t<div data-elementor-type=\"wp-page\" data-elementor-id=\"1188\" class=\"elementor elementor-1188\" data-elementor-post-type=\"page\">\n\t\t\t\t<div class=\"elementor-element elementor-element-e61f83f e-flex e-con-boxed e-con e-parent\" data-id=\"e61f83f\" data-element_type=\"container\" data-settings=\"{&quot;background_background&quot;:&quot;classic&quot;}\">\n\t\t\t\t\t<div class=\"e-con-inner\">\n\t\t\t\t<div class=\"elementor-element elementor-element-84f65c2 elementor-widget elementor-widget-image\" data-id=\"84f65c2\" data-element_type=\"widget\" data-widget_type=\"image.default\">\n\t\t\t\t<div class=\"elementor-widget-container\">\n\t\t\t\t\t\t\t\t\t\t\t\t\t\t\t<img fetchpriority=\"high\" decoding=\"async\" width=\"673\" height=\"1009\" src=\"https:\/\/robuststudio.fi\/wp-content\/uploads\/2025\/02\/hiitbarre.webp\" class=\"attachment-large size-large wp-image-1190\" alt=\"\" srcset=\"https:\/\/robuststudio.fi\/wp-content\/uploads\/2025\/02\/hiitbarre.webp 673w, https:\/\/robuststudio.fi\/wp-content\/uploads\/2025\/02\/hiitbarre-200x300.webp 200w\" sizes=\"(max-width: 673px) 100vw, 673px\" \/>\t\t\t\t\t\t\t\t\t\t\t\t\t\t\t<\/div>\n\t\t\t\t<\/div>\n\t\t<div class=\"elementor-element elementor-element-048baa4 container e-flex e-con-boxed e-con e-child\" data-id=\"048baa4\" data-element_type=\"container\">\n\t\t\t\t\t<div class=\"e-con-inner\">\n\t\t<div class=\"elementor-element elementor-element-6a16808 e-flex e-con-boxed e-con e-child\" data-id=\"6a16808\" data-element_type=\"container\">\n\t\t\t\t\t<div class=\"e-con-inner\">\n\t\t\t\t<div class=\"elementor-element elementor-element-35fbf00 elementor-widget elementor-widget-heading\" data-id=\"35fbf00\" data-element_type=\"widget\" data-widget_type=\"heading.default\">\n\t\t\t\t<div class=\"elementor-widget-container\">\n\t\t\t\t\t<h2 class=\"elementor-heading-title elementor-size-default\">ROBUST HIIT&amp;BARRE STUDIO<\/h2>\t\t\t\t<\/div>\n\t\t\t\t<\/div>\n\t\t\t\t<div class=\"elementor-element elementor-element-5c459f6 elementor-widget__width-auto elementor-widget elementor-widget-html\" data-id=\"5c459f6\" data-element_type=\"widget\" data-widget_type=\"html.default\">\n\t\t\t\t<div class=\"elementor-widget-container\">\n\t\t\t\t\t<button class=\"toggleButton flag finnish-flag\"><\/button>\n\n<script>\ndocument.addEventListener('DOMContentLoaded', function() {\n    const containers = document.querySelectorAll('.container');\n\n    containers.forEach(container => {\n        const contents = container.querySelectorAll('.content');\n        const toggleButton = container.querySelector('.toggleButton');\n\n        let isDiv1Visible = true;\n        let isFinnishFlag = true;\n\n        toggleButton.addEventListener('click', function() {\n            if (isDiv1Visible) {\n                contents[0].classList.remove('active');\n                contents[1].classList.add('active');\n            } else {\n                contents[1].classList.remove('active');\n                contents[0].classList.add('active');\n            }\n\n            if (isFinnishFlag) {\n                toggleButton.classList.remove('finnish-flag');\n                toggleButton.classList.add('uk-flag');\n            } else {\n                toggleButton.classList.remove('uk-flag');\n                toggleButton.classList.add('finnish-flag');\n            }\n\n            isDiv1Visible = !isDiv1Visible;\n            isFinnishFlag = !isFinnishFlag;\n        });\n    });\n});\n\n<\/script>\t\t\t\t<\/div>\n\t\t\t\t<\/div>\n\t\t\t\t\t<\/div>\n\t\t\t\t<\/div>\n\t\t\t\t<div class=\"elementor-element elementor-element-9a3a4bc content active elementor-widget elementor-widget-text-editor\" data-id=\"9a3a4bc\" data-element_type=\"widget\" data-widget_type=\"text-editor.default\">\n\t\t\t\t<div class=\"elementor-widget-container\">\n\t\t\t\t\t\t\t\t\t<p>Our Robust HIIT &amp; Barre studio is located right in the heart of Turku, on Eerikinkatu. It\u2019s easy to drop in for a workout and continue your day in the city center. In addition to top-tier training facilities, our downtown studio offers private showers, cooling towels for post-workout refreshment, and a smoothie bar where you can treat yourself with a delicious smoothie after your session. Our diverse class selection includes the high-intensity HIIT &amp; Run, Barre by Barresara, Pilates by Barresara, yoga, and the uplifting Party by Barresara classes.<\/p>\t\t\t\t\t\t\t\t<\/div>\n\t\t\t\t<\/div>\n\t\t\t\t<div class=\"elementor-element elementor-element-ec49151 content elementor-widget elementor-widget-text-editor\" data-id=\"ec49151\" data-element_type=\"widget\" data-widget_type=\"text-editor.default\">\n\t\t\t\t<div class=\"elementor-widget-container\">\n\t\t\t\t\t\t\t\t\t<p>Robust HIIT&amp;Barre -studiomme sijaitsee aivan Turun keskustassa, Eerikinkadulla. Studiolle on helppo tulla treenaamaan ja jatkaa sielt\u00e4 halutessaan Turun keskustaan. Upeiden treenipuitteiden lis\u00e4ksi keskustan studioltamme l\u00f6ytyy yksityiset suihkut, treenin j\u00e4lkeen viilent\u00e4v\u00e4t pyyhkeet ja smoothiebaari, josta voit tilata herkullisen smoothien treenin p\u00e4\u00e4tteeksi. Monipuoliseen treenivalikoimaan kuuluu intensiivinen HIIT&amp;Run -tunti, Barre by Barresara ja Pilates by Barresara, jooga sek\u00e4 Party by Barresara -tunnit.<\/p>\t\t\t\t\t\t\t\t<\/div>\n\t\t\t\t<\/div>\n\t\t\t\t<div class=\"elementor-element elementor-element-93cc8ee elementor-icon-list--layout-traditional elementor-list-item-link-full_width elementor-widget elementor-widget-icon-list\" data-id=\"93cc8ee\" data-element_type=\"widget\" data-widget_type=\"icon-list.default\">\n\t\t\t\t<div class=\"elementor-widget-container\">\n\t\t\t\t\t\t\t<ul class=\"elementor-icon-list-items\">\n\t\t\t\t\t\t\t<li class=\"elementor-icon-list-item\">\n\t\t\t\t\t\t\t\t\t\t\t<span class=\"elementor-icon-list-icon\">\n\t\t\t\t\t\t\t<svg aria-hidden=\"true\" class=\"e-font-icon-svg e-fas-plus\" viewBox=\"0 0 448 512\" xmlns=\"http:\/\/www.w3.org\/2000\/svg\"><path d=\"M416 208H272V64c0-17.67-14.33-32-32-32h-32c-17.67 0-32 14.33-32 32v144H32c-17.67 0-32 14.33-32 32v32c0 17.67 14.33 32 32 32h144v144c0 17.67 14.33 32 32 32h32c17.67 0 32-14.33 32-32V304h144c17.67 0 32-14.33 32-32v-32c0-17.67-14.33-32-32-32z\"><\/path><\/svg>\t\t\t\t\t\t<\/span>\n\t\t\t\t\t\t\t\t\t\t<span class=\"elementor-icon-list-text\">Private showers<\/span>\n\t\t\t\t\t\t\t\t\t<\/li>\n\t\t\t\t\t\t\t\t<li class=\"elementor-icon-list-item\">\n\t\t\t\t\t\t\t\t\t\t\t<span class=\"elementor-icon-list-icon\">\n\t\t\t\t\t\t\t<svg aria-hidden=\"true\" class=\"e-font-icon-svg e-fas-plus\" viewBox=\"0 0 448 512\" xmlns=\"http:\/\/www.w3.org\/2000\/svg\"><path d=\"M416 208H272V64c0-17.67-14.33-32-32-32h-32c-17.67 0-32 14.33-32 32v144H32c-17.67 0-32 14.33-32 32v32c0 17.67 14.33 32 32 32h144v144c0 17.67 14.33 32 32 32h32c17.67 0 32-14.33 32-32V304h144c17.67 0 32-14.33 32-32v-32c0-17.67-14.33-32-32-32z\"><\/path><\/svg>\t\t\t\t\t\t<\/span>\n\t\t\t\t\t\t\t\t\t\t<span class=\"elementor-icon-list-text\">Cool towels<\/span>\n\t\t\t\t\t\t\t\t\t<\/li>\n\t\t\t\t\t\t\t\t<li class=\"elementor-icon-list-item\">\n\t\t\t\t\t\t\t\t\t\t\t<span class=\"elementor-icon-list-icon\">\n\t\t\t\t\t\t\t<svg aria-hidden=\"true\" class=\"e-font-icon-svg e-fas-plus\" viewBox=\"0 0 448 512\" xmlns=\"http:\/\/www.w3.org\/2000\/svg\"><path d=\"M416 208H272V64c0-17.67-14.33-32-32-32h-32c-17.67 0-32 14.33-32 32v144H32c-17.67 0-32 14.33-32 32v32c0 17.67 14.33 32 32 32h144v144c0 17.67 14.33 32 32 32h32c17.67 0 32-14.33 32-32V304h144c17.67 0 32-14.33 32-32v-32c0-17.67-14.33-32-32-32z\"><\/path><\/svg>\t\t\t\t\t\t<\/span>\n\t\t\t\t\t\t\t\t\t\t<span class=\"elementor-icon-list-text\">Smoothie bar<\/span>\n\t\t\t\t\t\t\t\t\t<\/li>\n\t\t\t\t\t\t<\/ul>\n\t\t\t\t\t\t<\/div>\n\t\t\t\t<\/div>\n\t\t\t\t\t<\/div>\n\t\t\t\t<\/div>\n\t\t\t\t\t<\/div>\n\t\t\t\t<\/div>\n\t\t<div class=\"elementor-element elementor-element-dbae3f0 e-flex e-con-boxed e-con e-parent\" data-id=\"dbae3f0\" data-element_type=\"container\" data-settings=\"{&quot;background_background&quot;:&quot;classic&quot;}\">\n\t\t\t\t\t<div class=\"e-con-inner\">\n\t\t\t\t<div class=\"elementor-element elementor-element-8417a9b elementor-widget elementor-widget-heading\" data-id=\"8417a9b\" data-element_type=\"widget\" id=\"classes\" data-widget_type=\"heading.default\">\n\t\t\t\t<div class=\"elementor-widget-container\">\n\t\t\t\t\t<h2 class=\"elementor-heading-title elementor-size-default\">VIEW CLASSES AT ROBUST HIIT &amp; BARRE STUDIO<\/h2>\t\t\t\t<\/div>\n\t\t\t\t<\/div>\n\t\t<div class=\"elementor-element elementor-element-5202d0d e-grid e-con-boxed e-con e-child\" data-id=\"5202d0d\" data-element_type=\"container\" id=\"classes\">\n\t\t\t\t\t<div class=\"e-con-inner\">\n\t\t<div class=\"elementor-element elementor-element-a535bd9 e-flex e-con-boxed e-con e-child\" data-id=\"a535bd9\" data-element_type=\"container\">\n\t\t\t\t\t<div class=\"e-con-inner\">\n\t\t\t\t<div class=\"elementor-element elementor-element-6ef05aa elementor-widget__width-initial elementor-widget elementor-widget-heading\" data-id=\"6ef05aa\" data-element_type=\"widget\" data-widget_type=\"heading.default\">\n\t\t\t\t<div class=\"elementor-widget-container\">\n\t\t\t\t\t<h2 class=\"elementor-heading-title elementor-size-default\"><a href=\"https:\/\/robuststudio.fi\/index.php\/classes\/hiit-run\/\">HIIT &amp; RUN<\/a><\/h2>\t\t\t\t<\/div>\n\t\t\t\t<\/div>\n\t\t\t\t\t<\/div>\n\t\t\t\t<\/div>\n\t\t<div class=\"elementor-element elementor-element-3378702 e-flex e-con-boxed e-con e-child\" data-id=\"3378702\" data-element_type=\"container\">\n\t\t\t\t\t<div class=\"e-con-inner\">\n\t\t\t\t<div class=\"elementor-element elementor-element-3b8746c elementor-widget__width-initial elementor-widget elementor-widget-heading\" data-id=\"3b8746c\" data-element_type=\"widget\" data-widget_type=\"heading.default\">\n\t\t\t\t<div class=\"elementor-widget-container\">\n\t\t\t\t\t<h2 class=\"elementor-heading-title elementor-size-default\"><a href=\"https:\/\/robuststudio.fi\/index.php\/classes\/barre-by-barresara\/\">BARRE BY<br \/>BARRESARA &reg;<\/a><\/h2>\t\t\t\t<\/div>\n\t\t\t\t<\/div>\n\t\t\t\t\t<\/div>\n\t\t\t\t<\/div>\n\t\t<div class=\"elementor-element elementor-element-07f499f e-flex e-con-boxed e-con e-child\" data-id=\"07f499f\" data-element_type=\"container\">\n\t\t\t\t\t<div class=\"e-con-inner\">\n\t\t\t\t<div class=\"elementor-element elementor-element-454f4bb elementor-widget__width-initial elementor-widget elementor-widget-heading\" data-id=\"454f4bb\" data-element_type=\"widget\" data-widget_type=\"heading.default\">\n\t\t\t\t<div class=\"elementor-widget-container\">\n\t\t\t\t\t<h2 class=\"elementor-heading-title elementor-size-default\"><a href=\"https:\/\/robuststudio.fi\/index.php\/classes\/party\/\">PARTY<\/a><\/h2>\t\t\t\t<\/div>\n\t\t\t\t<\/div>\n\t\t\t\t\t<\/div>\n\t\t\t\t<\/div>\n\t\t<div class=\"elementor-element elementor-element-7dbde41 e-flex e-con-boxed e-con e-child\" data-id=\"7dbde41\" data-element_type=\"container\">\n\t\t\t\t\t<div class=\"e-con-inner\">\n\t\t\t\t<div class=\"elementor-element elementor-element-baf5652 elementor-widget__width-initial elementor-widget elementor-widget-heading\" data-id=\"baf5652\" data-element_type=\"widget\" data-widget_type=\"heading.default\">\n\t\t\t\t<div class=\"elementor-widget-container\">\n\t\t\t\t\t<h2 class=\"elementor-heading-title elementor-size-default\"><a href=\"https:\/\/robuststudio.fi\/index.php\/classes\/pilates-by-barresara\/\">PILATES BY<br \/>BARRESARA &reg;<\/a><\/h2>\t\t\t\t<\/div>\n\t\t\t\t<\/div>\n\t\t\t\t\t<\/div>\n\t\t\t\t<\/div>\n\t\t<div class=\"elementor-element elementor-element-551525b e-flex e-con-boxed e-con e-child\" data-id=\"551525b\" data-element_type=\"container\">\n\t\t\t\t\t<div class=\"e-con-inner\">\n\t\t\t\t<div class=\"elementor-element elementor-element-b0034ca elementor-widget__width-initial elementor-widget elementor-widget-heading\" data-id=\"b0034ca\" data-element_type=\"widget\" data-widget_type=\"heading.default\">\n\t\t\t\t<div class=\"elementor-widget-container\">\n\t\t\t\t\t<h2 class=\"elementor-heading-title elementor-size-default\"><a href=\"https:\/\/robuststudio.fi\/index.php\/classes\/healing-yoga\/\">HEALING YOGA<\/a><\/h2>\t\t\t\t<\/div>\n\t\t\t\t<\/div>\n\t\t\t\t\t<\/div>\n\t\t\t\t<\/div>\n\t\t\t\t\t<\/div>\n\t\t\t\t<\/div>\n\t\t\t\t\t<\/div>\n\t\t\t\t<\/div>\n\t\t\t\t<\/div>\n\t\t","protected":false},"excerpt":{"rendered":"<p>ROBUST HIIT&#038;BARRE STUDIO Our Robust HIIT &amp; Barre studio is located right in the heart of Turku, on Eerikinkatu. It\u2019s easy to drop in for a workout and continue your day in the city center. In addition to top-tier training facilities, our downtown studio offers private showers, cooling towels for post-workout refreshment, and a smoothie [&hellip;]<\/p>\n","protected":false},"author":1,"featured_media":0,"parent":0,"menu_order":0,"comment_status":"closed","ping_status":"closed","template":"","meta":{"footnotes":""},"class_list":["post-1188","page","type-page","status-publish","hentry"],"yoast_head":"<!-- This site is optimized with the Yoast SEO plugin v26.9 - https:\/\/yoast.com\/product\/yoast-seo-wordpress\/ -->\n<title>ROBUST HIIT&amp;BARRE STUDIO - Robust Hiit &amp; Barre studio<\/title>\n<meta name=\"description\" content=\"Ryhm\u00e4liikuntaa Turun keskustassa. Pilates, Barre, HIIT&amp;Run. My\u00f6s yksityistunnit esimerkiksi yrityksille, polttareihin ja syntym\u00e4p\u00e4iville.\" \/>\n<meta name=\"robots\" content=\"index, follow, max-snippet:-1, max-image-preview:large, max-video-preview:-1\" \/>\n<link rel=\"canonical\" href=\"https:\/\/robuststudio.fi\/index.php\/robust-hiitbarre-studio\/\" \/>\n<meta property=\"og:locale\" content=\"fi_FI\" \/>\n<meta property=\"og:type\" content=\"article\" \/>\n<meta property=\"og:title\" content=\"ROBUST HIIT&amp;BARRE STUDIO - Robust Hiit &amp; Barre studio\" \/>\n<meta property=\"og:description\" content=\"Ryhm\u00e4liikuntaa Turun keskustassa. Pilates, Barre, HIIT&amp;Run. My\u00f6s yksityistunnit esimerkiksi yrityksille, polttareihin ja syntym\u00e4p\u00e4iville.\" \/>\n<meta property=\"og:url\" content=\"https:\/\/robuststudio.fi\/index.php\/robust-hiitbarre-studio\/\" \/>\n<meta property=\"og:site_name\" content=\"Robust Hiit &amp; Barre studio\" \/>\n<meta property=\"article:modified_time\" content=\"2025-06-09T07:28:41+00:00\" \/>\n<meta property=\"og:image\" content=\"https:\/\/robuststudio.fi\/wp-content\/uploads\/2025\/02\/hiitbarre.webp\" \/>\n<meta name=\"twitter:card\" content=\"summary_large_image\" \/>\n<meta name=\"twitter:label1\" content=\"Arvioitu lukuaika\" \/>\n\t<meta name=\"twitter:data1\" content=\"2 minuuttia\" \/>\n<script type=\"application\/ld+json\" class=\"yoast-schema-graph\">{\"@context\":\"https:\/\/schema.org\",\"@graph\":[{\"@type\":\"WebPage\",\"@id\":\"https:\/\/robuststudio.fi\/index.php\/robust-hiitbarre-studio\/\",\"url\":\"https:\/\/robuststudio.fi\/index.php\/robust-hiitbarre-studio\/\",\"name\":\"ROBUST HIIT&amp;BARRE STUDIO - Robust Hiit &amp; Barre studio\",\"isPartOf\":{\"@id\":\"https:\/\/robuststudio.fi\/#website\"},\"primaryImageOfPage\":{\"@id\":\"https:\/\/robuststudio.fi\/index.php\/robust-hiitbarre-studio\/#primaryimage\"},\"image\":{\"@id\":\"https:\/\/robuststudio.fi\/index.php\/robust-hiitbarre-studio\/#primaryimage\"},\"thumbnailUrl\":\"https:\/\/robuststudio.fi\/wp-content\/uploads\/2025\/02\/hiitbarre.webp\",\"datePublished\":\"2025-02-18T09:29:55+00:00\",\"dateModified\":\"2025-06-09T07:28:41+00:00\",\"description\":\"Ryhm\u00e4liikuntaa Turun keskustassa. Pilates, Barre, HIIT&Run. My\u00f6s yksityistunnit esimerkiksi yrityksille, polttareihin ja syntym\u00e4p\u00e4iville.\",\"breadcrumb\":{\"@id\":\"https:\/\/robuststudio.fi\/index.php\/robust-hiitbarre-studio\/#breadcrumb\"},\"inLanguage\":\"fi\",\"potentialAction\":[{\"@type\":\"ReadAction\",\"target\":[\"https:\/\/robuststudio.fi\/index.php\/robust-hiitbarre-studio\/\"]}]},{\"@type\":\"ImageObject\",\"inLanguage\":\"fi\",\"@id\":\"https:\/\/robuststudio.fi\/index.php\/robust-hiitbarre-studio\/#primaryimage\",\"url\":\"https:\/\/robuststudio.fi\/wp-content\/uploads\/2025\/02\/hiitbarre.webp\",\"contentUrl\":\"https:\/\/robuststudio.fi\/wp-content\/uploads\/2025\/02\/hiitbarre.webp\",\"width\":673,\"height\":1009},{\"@type\":\"BreadcrumbList\",\"@id\":\"https:\/\/robuststudio.fi\/index.php\/robust-hiitbarre-studio\/#breadcrumb\",\"itemListElement\":[{\"@type\":\"ListItem\",\"position\":1,\"name\":\"Etusivu\",\"item\":\"https:\/\/robuststudio.fi\/\"},{\"@type\":\"ListItem\",\"position\":2,\"name\":\"ROBUST HIIT&amp;BARRE STUDIO\"}]},{\"@type\":\"WebSite\",\"@id\":\"https:\/\/robuststudio.fi\/#website\",\"url\":\"https:\/\/robuststudio.fi\/\",\"name\":\"Robust Hiit &amp; Barre studio\",\"description\":\"\",\"publisher\":{\"@id\":\"https:\/\/robuststudio.fi\/#organization\"},\"potentialAction\":[{\"@type\":\"SearchAction\",\"target\":{\"@type\":\"EntryPoint\",\"urlTemplate\":\"https:\/\/robuststudio.fi\/?s={search_term_string}\"},\"query-input\":{\"@type\":\"PropertyValueSpecification\",\"valueRequired\":true,\"valueName\":\"search_term_string\"}}],\"inLanguage\":\"fi\"},{\"@type\":\"Organization\",\"@id\":\"https:\/\/robuststudio.fi\/#organization\",\"name\":\"Robust Hiit &amp; Barre studio\",\"url\":\"https:\/\/robuststudio.fi\/\",\"logo\":{\"@type\":\"ImageObject\",\"inLanguage\":\"fi\",\"@id\":\"https:\/\/robuststudio.fi\/#\/schema\/logo\/image\/\",\"url\":\"https:\/\/robuststudio.fi\/wp-content\/uploads\/2024\/04\/robust_hiitandbarre_logo.png\",\"contentUrl\":\"https:\/\/robuststudio.fi\/wp-content\/uploads\/2024\/04\/robust_hiitandbarre_logo.png\",\"width\":1090,\"height\":516,\"caption\":\"Robust Hiit &amp; Barre studio\"},\"image\":{\"@id\":\"https:\/\/robuststudio.fi\/#\/schema\/logo\/image\/\"}}]}<\/script>\n<!-- \/ Yoast SEO plugin. -->","yoast_head_json":{"title":"ROBUST HIIT&amp;BARRE STUDIO - Robust Hiit &amp; Barre studio","description":"Ryhm\u00e4liikuntaa Turun keskustassa. Pilates, Barre, HIIT&Run. My\u00f6s yksityistunnit esimerkiksi yrityksille, polttareihin ja syntym\u00e4p\u00e4iville.","robots":{"index":"index","follow":"follow","max-snippet":"max-snippet:-1","max-image-preview":"max-image-preview:large","max-video-preview":"max-video-preview:-1"},"canonical":"https:\/\/robuststudio.fi\/index.php\/robust-hiitbarre-studio\/","og_locale":"fi_FI","og_type":"article","og_title":"ROBUST HIIT&amp;BARRE STUDIO - Robust Hiit &amp; Barre studio","og_description":"Ryhm\u00e4liikuntaa Turun keskustassa. Pilates, Barre, HIIT&Run. My\u00f6s yksityistunnit esimerkiksi yrityksille, polttareihin ja syntym\u00e4p\u00e4iville.","og_url":"https:\/\/robuststudio.fi\/index.php\/robust-hiitbarre-studio\/","og_site_name":"Robust Hiit &amp; Barre studio","article_modified_time":"2025-06-09T07:28:41+00:00","og_image":[{"url":"https:\/\/robuststudio.fi\/wp-content\/uploads\/2025\/02\/hiitbarre.webp","type":"","width":"","height":""}],"twitter_card":"summary_large_image","twitter_misc":{"Arvioitu lukuaika":"2 minuuttia"},"schema":{"@context":"https:\/\/schema.org","@graph":[{"@type":"WebPage","@id":"https:\/\/robuststudio.fi\/index.php\/robust-hiitbarre-studio\/","url":"https:\/\/robuststudio.fi\/index.php\/robust-hiitbarre-studio\/","name":"ROBUST HIIT&amp;BARRE STUDIO - Robust Hiit &amp; Barre studio","isPartOf":{"@id":"https:\/\/robuststudio.fi\/#website"},"primaryImageOfPage":{"@id":"https:\/\/robuststudio.fi\/index.php\/robust-hiitbarre-studio\/#primaryimage"},"image":{"@id":"https:\/\/robuststudio.fi\/index.php\/robust-hiitbarre-studio\/#primaryimage"},"thumbnailUrl":"https:\/\/robuststudio.fi\/wp-content\/uploads\/2025\/02\/hiitbarre.webp","datePublished":"2025-02-18T09:29:55+00:00","dateModified":"2025-06-09T07:28:41+00:00","description":"Ryhm\u00e4liikuntaa Turun keskustassa. Pilates, Barre, HIIT&Run. My\u00f6s yksityistunnit esimerkiksi yrityksille, polttareihin ja syntym\u00e4p\u00e4iville.","breadcrumb":{"@id":"https:\/\/robuststudio.fi\/index.php\/robust-hiitbarre-studio\/#breadcrumb"},"inLanguage":"fi","potentialAction":[{"@type":"ReadAction","target":["https:\/\/robuststudio.fi\/index.php\/robust-hiitbarre-studio\/"]}]},{"@type":"ImageObject","inLanguage":"fi","@id":"https:\/\/robuststudio.fi\/index.php\/robust-hiitbarre-studio\/#primaryimage","url":"https:\/\/robuststudio.fi\/wp-content\/uploads\/2025\/02\/hiitbarre.webp","contentUrl":"https:\/\/robuststudio.fi\/wp-content\/uploads\/2025\/02\/hiitbarre.webp","width":673,"height":1009},{"@type":"BreadcrumbList","@id":"https:\/\/robuststudio.fi\/index.php\/robust-hiitbarre-studio\/#breadcrumb","itemListElement":[{"@type":"ListItem","position":1,"name":"Etusivu","item":"https:\/\/robuststudio.fi\/"},{"@type":"ListItem","position":2,"name":"ROBUST HIIT&amp;BARRE STUDIO"}]},{"@type":"WebSite","@id":"https:\/\/robuststudio.fi\/#website","url":"https:\/\/robuststudio.fi\/","name":"Robust Hiit &amp; Barre studio","description":"","publisher":{"@id":"https:\/\/robuststudio.fi\/#organization"},"potentialAction":[{"@type":"SearchAction","target":{"@type":"EntryPoint","urlTemplate":"https:\/\/robuststudio.fi\/?s={search_term_string}"},"query-input":{"@type":"PropertyValueSpecification","valueRequired":true,"valueName":"search_term_string"}}],"inLanguage":"fi"},{"@type":"Organization","@id":"https:\/\/robuststudio.fi\/#organization","name":"Robust Hiit &amp; Barre studio","url":"https:\/\/robuststudio.fi\/","logo":{"@type":"ImageObject","inLanguage":"fi","@id":"https:\/\/robuststudio.fi\/#\/schema\/logo\/image\/","url":"https:\/\/robuststudio.fi\/wp-content\/uploads\/2024\/04\/robust_hiitandbarre_logo.png","contentUrl":"https:\/\/robuststudio.fi\/wp-content\/uploads\/2024\/04\/robust_hiitandbarre_logo.png","width":1090,"height":516,"caption":"Robust Hiit &amp; Barre studio"},"image":{"@id":"https:\/\/robuststudio.fi\/#\/schema\/logo\/image\/"}}]}},"_links":{"self":[{"href":"https:\/\/robuststudio.fi\/index.php\/wp-json\/wp\/v2\/pages\/1188","targetHints":{"allow":["GET"]}}],"collection":[{"href":"https:\/\/robuststudio.fi\/index.php\/wp-json\/wp\/v2\/pages"}],"about":[{"href":"https:\/\/robuststudio.fi\/index.php\/wp-json\/wp\/v2\/types\/page"}],"author":[{"embeddable":true,"href":"https:\/\/robuststudio.fi\/index.php\/wp-json\/wp\/v2\/users\/1"}],"replies":[{"embeddable":true,"href":"https:\/\/robuststudio.fi\/index.php\/wp-json\/wp\/v2\/comments?post=1188"}],"version-history":[{"count":28,"href":"https:\/\/robuststudio.fi\/index.php\/wp-json\/wp\/v2\/pages\/1188\/revisions"}],"predecessor-version":[{"id":1522,"href":"https:\/\/robuststudio.fi\/index.php\/wp-json\/wp\/v2\/pages\/1188\/revisions\/1522"}],"wp:attachment":[{"href":"https:\/\/robuststudio.fi\/index.php\/wp-json\/wp\/v2\/media?parent=1188"}],"curies":[{"name":"wp","href":"https:\/\/api.w.org\/{rel}","templated":true}]}}